{"id":10116,"date":"2023-02-15T13:30:10","date_gmt":"2023-02-15T13:30:10","guid":{"rendered":"https:\/\/todoherramientas.com.ar\/?post_type=product&#038;p=10116"},"modified":"2026-04-03T13:31:12","modified_gmt":"2026-04-03T13:31:12","slug":"brikol-ladrillos-5","status":"publish","type":"product","link":"https:\/\/todoherramientas.com.ar\/index.php\/producto\/brikol-ladrillos-5\/","title":{"rendered":"Brikol Ladrillos"},"content":{"rendered":"<p class=\"subtitulo\">Protector el\u00e1stico microporoso de decoraci\u00f3n.<\/p>\n<p class=\"subtitulo\">Brinda protecci\u00f3n y decoraci\u00f3n para muros de ladrillo con suave brillo satinado en colores cer\u00e1mico y natural.<\/p>\n<p>&nbsp;<\/p>\n<p>&nbsp;<\/p>\n","protected":false},"excerpt":{"rendered":"<p>Natural 4 LTS<\/p>\n","protected":false},"featured_media":9873,"template":"","meta":{"_joinchat":[]},"product_brand":[158],"product_cat":[122,129],"product_tag":[],"class_list":{"0":"post-10116","1":"product","2":"type-product","3":"status-publish","4":"has-post-thumbnail","6":"product_brand-brikol","7":"product_cat-impregnantes","8":"product_cat-pinturas","10":"first","11":"instock","12":"taxable","13":"shipping-taxable","14":"purchasable","15":"product-type-simple"},"aioseo_notices":[],"_links":{"self":[{"href":"https:\/\/todoherramientas.com.ar\/index.php\/wp-json\/wp\/v2\/product\/10116","targetHints":{"allow":["GET"]}}],"collection":[{"href":"https:\/\/todoherramientas.com.ar\/index.php\/wp-json\/wp\/v2\/product"}],"about":[{"href":"https:\/\/todoherramientas.com.ar\/index.php\/wp-json\/wp\/v2\/types\/product"}],"version-history":[{"count":2,"href":"https:\/\/todoherramientas.com.ar\/index.php\/wp-json\/wp\/v2\/product\/10116\/revisions"}],"predecessor-version":[{"id":14658,"href":"https:\/\/todoherramientas.com.ar\/index.php\/wp-json\/wp\/v2\/product\/10116\/revisions\/14658"}],"wp:featuredmedia":[{"embeddable":true,"href":"https:\/\/todoherramientas.com.ar\/index.php\/wp-json\/wp\/v2\/media\/9873"}],"wp:attachment":[{"href":"https:\/\/todoherramientas.com.ar\/index.php\/wp-json\/wp\/v2\/media?parent=10116"}],"wp:term":[{"taxonomy":"product_brand","embeddable":true,"href":"https:\/\/todoherramientas.com.ar\/index.php\/wp-json\/wp\/v2\/product_brand?post=10116"},{"taxonomy":"product_cat","embeddable":true,"href":"https:\/\/todoherramientas.com.ar\/index.php\/wp-json\/wp\/v2\/product_cat?post=10116"},{"taxonomy":"product_tag","embeddable":true,"href":"https:\/\/todoherramientas.com.ar\/index.php\/wp-json\/wp\/v2\/product_tag?post=10116"}],"curies":[{"name":"wp","href":"https:\/\/api.w.org\/{rel}","templated":true}]}}