{"id":10346,"date":"2023-02-22T22:13:55","date_gmt":"2023-02-22T22:13:55","guid":{"rendered":"https:\/\/todoherramientas.com.ar\/?post_type=product&#038;p=10346"},"modified":"2026-04-05T17:53:07","modified_gmt":"2026-04-05T17:53:07","slug":"lapiz-de-carpintero","status":"publish","type":"product","link":"https:\/\/todoherramientas.com.ar\/index.php\/producto\/lapiz-de-carpintero\/","title":{"rendered":"L\u00e1piz de carpintero"},"content":{"rendered":"<p dir=\"ltr\">Ideal para alba\u00f1iler\u00eda, carpinter\u00eda, herrer\u00eda, construcci\u00f3n en seco.<\/p>\n<p dir=\"ltr\">Grafito de alta resistencia al desgaste.<\/p>\n<p dir=\"ltr\">Adaptable a diferentes superficies.<\/p>\n","protected":false},"excerpt":{"rendered":"<p>18 CM<\/p>\n","protected":false},"featured_media":10286,"template":"","meta":{"_joinchat":[]},"product_brand":[152],"product_cat":[48,126],"product_tag":[],"class_list":{"0":"post-10346","1":"product","2":"type-product","3":"status-publish","4":"has-post-thumbnail","6":"product_brand-mota","7":"product_cat-herramientas-manuales","8":"product_cat-medicion","10":"first","11":"instock","12":"taxable","13":"shipping-taxable","14":"purchasable","15":"product-type-simple"},"aioseo_notices":[],"_links":{"self":[{"href":"https:\/\/todoherramientas.com.ar\/index.php\/wp-json\/wp\/v2\/product\/10346","targetHints":{"allow":["GET"]}}],"collection":[{"href":"https:\/\/todoherramientas.com.ar\/index.php\/wp-json\/wp\/v2\/product"}],"about":[{"href":"https:\/\/todoherramientas.com.ar\/index.php\/wp-json\/wp\/v2\/types\/product"}],"version-history":[{"count":3,"href":"https:\/\/todoherramientas.com.ar\/index.php\/wp-json\/wp\/v2\/product\/10346\/revisions"}],"predecessor-version":[{"id":14580,"href":"https:\/\/todoherramientas.com.ar\/index.php\/wp-json\/wp\/v2\/product\/10346\/revisions\/14580"}],"wp:featuredmedia":[{"embeddable":true,"href":"https:\/\/todoherramientas.com.ar\/index.php\/wp-json\/wp\/v2\/media\/10286"}],"wp:attachment":[{"href":"https:\/\/todoherramientas.com.ar\/index.php\/wp-json\/wp\/v2\/media?parent=10346"}],"wp:term":[{"taxonomy":"product_brand","embeddable":true,"href":"https:\/\/todoherramientas.com.ar\/index.php\/wp-json\/wp\/v2\/product_brand?post=10346"},{"taxonomy":"product_cat","embeddable":true,"href":"https:\/\/todoherramientas.com.ar\/index.php\/wp-json\/wp\/v2\/product_cat?post=10346"},{"taxonomy":"product_tag","embeddable":true,"href":"https:\/\/todoherramientas.com.ar\/index.php\/wp-json\/wp\/v2\/product_tag?post=10346"}],"curies":[{"name":"wp","href":"https:\/\/api.w.org\/{rel}","templated":true}]}}