{"id":10396,"date":"2023-02-23T21:28:22","date_gmt":"2023-02-23T21:28:22","guid":{"rendered":"https:\/\/todoherramientas.com.ar\/?post_type=product&#038;p=10396"},"modified":"2026-04-05T17:53:17","modified_gmt":"2026-04-05T17:53:17","slug":"tijera-de-poda-de-aluminio","status":"publish","type":"product","link":"https:\/\/todoherramientas.com.ar\/index.php\/producto\/tijera-de-poda-de-aluminio\/","title":{"rendered":"Tijera de poda premium"},"content":{"rendered":"<p dir=\"ltr\">Cuerpo de aluminio forjado. Hoja y contra-hoja curva by-pass.<\/p>\n<p dir=\"ltr\">Tornillo pivot acero al carbono 35#. Muelle tradicional tipo gusano 65# Mn acero.<\/p>\n<p dir=\"ltr\">Tratamiento t\u00e9rmico en hojas 52-54 hrc. Di\u00e1metro m\u00e1ximo de corte: 25 mm.<\/p>\n<p dir=\"ltr\">Tope amortiguador. Hoja cambiable (TP216).<\/p>\n","protected":false},"excerpt":{"rendered":"<p>Corte m\u00e1ximo 25 MM<\/p>\n","protected":false},"featured_media":10360,"template":"","meta":{"_joinchat":[]},"product_brand":[152],"product_cat":[117,48],"product_tag":[],"class_list":{"0":"post-10396","1":"product","2":"type-product","3":"status-publish","4":"has-post-thumbnail","6":"product_brand-mota","7":"product_cat-jardin","8":"product_cat-herramientas-manuales","10":"first","11":"instock","12":"taxable","13":"shipping-taxable","14":"purchasable","15":"product-type-simple"},"aioseo_notices":[],"_links":{"self":[{"href":"https:\/\/todoherramientas.com.ar\/index.php\/wp-json\/wp\/v2\/product\/10396","targetHints":{"allow":["GET"]}}],"collection":[{"href":"https:\/\/todoherramientas.com.ar\/index.php\/wp-json\/wp\/v2\/product"}],"about":[{"href":"https:\/\/todoherramientas.com.ar\/index.php\/wp-json\/wp\/v2\/types\/product"}],"version-history":[{"count":6,"href":"https:\/\/todoherramientas.com.ar\/index.php\/wp-json\/wp\/v2\/product\/10396\/revisions"}],"predecessor-version":[{"id":14563,"href":"https:\/\/todoherramientas.com.ar\/index.php\/wp-json\/wp\/v2\/product\/10396\/revisions\/14563"}],"wp:featuredmedia":[{"embeddable":true,"href":"https:\/\/todoherramientas.com.ar\/index.php\/wp-json\/wp\/v2\/media\/10360"}],"wp:attachment":[{"href":"https:\/\/todoherramientas.com.ar\/index.php\/wp-json\/wp\/v2\/media?parent=10396"}],"wp:term":[{"taxonomy":"product_brand","embeddable":true,"href":"https:\/\/todoherramientas.com.ar\/index.php\/wp-json\/wp\/v2\/product_brand?post=10396"},{"taxonomy":"product_cat","embeddable":true,"href":"https:\/\/todoherramientas.com.ar\/index.php\/wp-json\/wp\/v2\/product_cat?post=10396"},{"taxonomy":"product_tag","embeddable":true,"href":"https:\/\/todoherramientas.com.ar\/index.php\/wp-json\/wp\/v2\/product_tag?post=10396"}],"curies":[{"name":"wp","href":"https:\/\/api.w.org\/{rel}","templated":true}]}}