{"id":10626,"date":"2023-03-08T23:08:02","date_gmt":"2023-03-08T23:08:02","guid":{"rendered":"https:\/\/todoherramientas.com.ar\/?post_type=product&#038;p=10626"},"modified":"2026-04-05T01:07:50","modified_gmt":"2026-04-05T01:07:50","slug":"rotomartillo","status":"publish","type":"product","link":"https:\/\/todoherramientas.com.ar\/index.php\/producto\/rotomartillo\/","title":{"rendered":"Rotomartillo"},"content":{"rendered":"<p>Encastre: SDS PLUS.<\/p>\n<p>Velocidad: 0-1200 rpm. Tasa de impacto: 0-5300 gpm<\/p>\n<p>Capacidad de perforaci\u00f3n: Concreto: 26mm, Acero: 13mm, Madera: 30mm<\/p>\n<p>Presentaci\u00f3n en malet\u00edn pl\u00e1stico. Incluye 3 mechas y 2 cinceles.<\/p>\n","protected":false},"excerpt":{"rendered":"<p>800 W \/ 2.5 J<\/p>\n","protected":false},"featured_media":14965,"template":"","meta":{"_joinchat":[]},"product_brand":[153],"product_cat":[103,141],"product_tag":[],"class_list":{"0":"post-10626","1":"product","2":"type-product","3":"status-publish","4":"has-post-thumbnail","6":"product_brand-total","7":"product_cat-herramientas-electricas","8":"product_cat-rotomartillos","10":"first","11":"instock","12":"taxable","13":"shipping-taxable","14":"purchasable","15":"product-type-simple"},"aioseo_notices":[],"_links":{"self":[{"href":"https:\/\/todoherramientas.com.ar\/index.php\/wp-json\/wp\/v2\/product\/10626","targetHints":{"allow":["GET"]}}],"collection":[{"href":"https:\/\/todoherramientas.com.ar\/index.php\/wp-json\/wp\/v2\/product"}],"about":[{"href":"https:\/\/todoherramientas.com.ar\/index.php\/wp-json\/wp\/v2\/types\/product"}],"version-history":[{"count":6,"href":"https:\/\/todoherramientas.com.ar\/index.php\/wp-json\/wp\/v2\/product\/10626\/revisions"}],"predecessor-version":[{"id":14966,"href":"https:\/\/todoherramientas.com.ar\/index.php\/wp-json\/wp\/v2\/product\/10626\/revisions\/14966"}],"wp:featuredmedia":[{"embeddable":true,"href":"https:\/\/todoherramientas.com.ar\/index.php\/wp-json\/wp\/v2\/media\/14965"}],"wp:attachment":[{"href":"https:\/\/todoherramientas.com.ar\/index.php\/wp-json\/wp\/v2\/media?parent=10626"}],"wp:term":[{"taxonomy":"product_brand","embeddable":true,"href":"https:\/\/todoherramientas.com.ar\/index.php\/wp-json\/wp\/v2\/product_brand?post=10626"},{"taxonomy":"product_cat","embeddable":true,"href":"https:\/\/todoherramientas.com.ar\/index.php\/wp-json\/wp\/v2\/product_cat?post=10626"},{"taxonomy":"product_tag","embeddable":true,"href":"https:\/\/todoherramientas.com.ar\/index.php\/wp-json\/wp\/v2\/product_tag?post=10626"}],"curies":[{"name":"wp","href":"https:\/\/api.w.org\/{rel}","templated":true}]}}