{"id":10628,"date":"2023-03-09T00:41:33","date_gmt":"2023-03-09T00:41:33","guid":{"rendered":"https:\/\/todoherramientas.com.ar\/?post_type=product&#038;p=10628"},"modified":"2026-04-05T01:07:50","modified_gmt":"2026-04-05T01:07:50","slug":"rotomartillo-copia","status":"publish","type":"product","link":"https:\/\/todoherramientas.com.ar\/index.php\/producto\/rotomartillo-copia\/","title":{"rendered":"Rotomartillo"},"content":{"rendered":"<p>Encastre: SDS PLUS.<\/p>\n<p>Velocidad: 0-850 rpm. Tasa de impacto: 0-4200 gpm<\/p>\n<p>Capacidad de perforaci\u00f3n: Concreto: 36mm, Acero: 13mm, Madera: 42mm<\/p>\n<p>Presentaci\u00f3n en malet\u00edn pl\u00e1stico. Incluye 3 mechas y 2 cinceles.<\/p>\n","protected":false},"excerpt":{"rendered":"<p>1800 W \/ 7 J<\/p>\n","protected":false},"featured_media":14968,"template":"","meta":{"_joinchat":[]},"product_brand":[153],"product_cat":[103,141],"product_tag":[],"class_list":{"0":"post-10628","1":"product","2":"type-product","3":"status-publish","4":"has-post-thumbnail","6":"product_brand-total","7":"product_cat-herramientas-electricas","8":"product_cat-rotomartillos","10":"first","11":"instock","12":"taxable","13":"shipping-taxable","14":"purchasable","15":"product-type-simple"},"aioseo_notices":[],"_links":{"self":[{"href":"https:\/\/todoherramientas.com.ar\/index.php\/wp-json\/wp\/v2\/product\/10628","targetHints":{"allow":["GET"]}}],"collection":[{"href":"https:\/\/todoherramientas.com.ar\/index.php\/wp-json\/wp\/v2\/product"}],"about":[{"href":"https:\/\/todoherramientas.com.ar\/index.php\/wp-json\/wp\/v2\/types\/product"}],"version-history":[{"count":6,"href":"https:\/\/todoherramientas.com.ar\/index.php\/wp-json\/wp\/v2\/product\/10628\/revisions"}],"predecessor-version":[{"id":14967,"href":"https:\/\/todoherramientas.com.ar\/index.php\/wp-json\/wp\/v2\/product\/10628\/revisions\/14967"}],"wp:featuredmedia":[{"embeddable":true,"href":"https:\/\/todoherramientas.com.ar\/index.php\/wp-json\/wp\/v2\/media\/14968"}],"wp:attachment":[{"href":"https:\/\/todoherramientas.com.ar\/index.php\/wp-json\/wp\/v2\/media?parent=10628"}],"wp:term":[{"taxonomy":"product_brand","embeddable":true,"href":"https:\/\/todoherramientas.com.ar\/index.php\/wp-json\/wp\/v2\/product_brand?post=10628"},{"taxonomy":"product_cat","embeddable":true,"href":"https:\/\/todoherramientas.com.ar\/index.php\/wp-json\/wp\/v2\/product_cat?post=10628"},{"taxonomy":"product_tag","embeddable":true,"href":"https:\/\/todoherramientas.com.ar\/index.php\/wp-json\/wp\/v2\/product_tag?post=10628"}],"curies":[{"name":"wp","href":"https:\/\/api.w.org\/{rel}","templated":true}]}}