{"id":10740,"date":"2023-03-16T18:54:06","date_gmt":"2023-03-16T18:54:06","guid":{"rendered":"https:\/\/todoherramientas.com.ar\/?post_type=product&#038;p=10740"},"modified":"2026-04-05T17:53:02","modified_gmt":"2026-04-05T17:53:02","slug":"llave-combinada-con-crique","status":"publish","type":"product","link":"https:\/\/todoherramientas.com.ar\/index.php\/producto\/llave-combinada-con-crique\/","title":{"rendered":"Llave combinada con crique articulada"},"content":{"rendered":"<p>Forjada en acero cromo vanadio.<\/p>\n<p>Cabeza articulada con bloqueo de ajuste del \u00e1ngulo.<\/p>\n<p>Terminaci\u00f3n satinada anticorrosi\u00f3n.<\/p>\n<p>Su rueda con 72 dientes permite transmitir el movimiento de giro en una \u00fanica direcci\u00f3n con m\u00e1s agilidad y facilidad en comparaci\u00f3n con una llave estrella com\u00fan.<\/p>\n","protected":false},"excerpt":{"rendered":"<p>8 MM<\/p>\n","protected":false},"featured_media":15215,"template":"","meta":{"_joinchat":[]},"product_brand":[152],"product_cat":[114,48],"product_tag":[],"class_list":{"0":"post-10740","1":"product","2":"type-product","3":"status-publish","4":"has-post-thumbnail","6":"product_brand-mota","7":"product_cat-llaves","8":"product_cat-herramientas-manuales","10":"first","11":"instock","12":"taxable","13":"shipping-taxable","14":"purchasable","15":"product-type-simple"},"aioseo_notices":[],"_links":{"self":[{"href":"https:\/\/todoherramientas.com.ar\/index.php\/wp-json\/wp\/v2\/product\/10740","targetHints":{"allow":["GET"]}}],"collection":[{"href":"https:\/\/todoherramientas.com.ar\/index.php\/wp-json\/wp\/v2\/product"}],"about":[{"href":"https:\/\/todoherramientas.com.ar\/index.php\/wp-json\/wp\/v2\/types\/product"}],"version-history":[{"count":3,"href":"https:\/\/todoherramientas.com.ar\/index.php\/wp-json\/wp\/v2\/product\/10740\/revisions"}],"predecessor-version":[{"id":15200,"href":"https:\/\/todoherramientas.com.ar\/index.php\/wp-json\/wp\/v2\/product\/10740\/revisions\/15200"}],"wp:featuredmedia":[{"embeddable":true,"href":"https:\/\/todoherramientas.com.ar\/index.php\/wp-json\/wp\/v2\/media\/15215"}],"wp:attachment":[{"href":"https:\/\/todoherramientas.com.ar\/index.php\/wp-json\/wp\/v2\/media?parent=10740"}],"wp:term":[{"taxonomy":"product_brand","embeddable":true,"href":"https:\/\/todoherramientas.com.ar\/index.php\/wp-json\/wp\/v2\/product_brand?post=10740"},{"taxonomy":"product_cat","embeddable":true,"href":"https:\/\/todoherramientas.com.ar\/index.php\/wp-json\/wp\/v2\/product_cat?post=10740"},{"taxonomy":"product_tag","embeddable":true,"href":"https:\/\/todoherramientas.com.ar\/index.php\/wp-json\/wp\/v2\/product_tag?post=10740"}],"curies":[{"name":"wp","href":"https:\/\/api.w.org\/{rel}","templated":true}]}}