{"id":10764,"date":"2023-03-16T21:34:43","date_gmt":"2023-03-16T21:34:43","guid":{"rendered":"https:\/\/todoherramientas.com.ar\/?post_type=product&#038;p=10764"},"modified":"2026-04-05T17:53:03","modified_gmt":"2026-04-05T17:53:03","slug":"juego-de-llaves-combinadas-con-crique","status":"publish","type":"product","link":"https:\/\/todoherramientas.com.ar\/index.php\/producto\/juego-de-llaves-combinadas-con-crique\/","title":{"rendered":"Juego de llaves combinadas con crique articuladas"},"content":{"rendered":"<p>Juego de 6 llaves en soporte pl\u00e1stico, medidas: 8, 10, 11, 13, 14 y 17 mm.<\/p>\n<p>Forjada en acero cromo vanadio. Cabeza articulada con bloqueo de ajuste del \u00e1ngulo.<\/p>\n<p>Terminaci\u00f3n satinada anticorrosi\u00f3n.<\/p>\n<p>Su rueda con 72 dientes permite transmitir el movimiento de giro en una \u00fanica direcci\u00f3n con m\u00e1s agilidad y facilidad en comparaci\u00f3n con una llave estrella com\u00fan.<\/p>\n","protected":false},"excerpt":{"rendered":"<p>6 llaves milim\u00e9tricas<\/p>\n","protected":false},"featured_media":15216,"template":"","meta":{"_joinchat":[]},"product_brand":[152],"product_cat":[114,48],"product_tag":[],"class_list":{"0":"post-10764","1":"product","2":"type-product","3":"status-publish","4":"has-post-thumbnail","6":"product_brand-mota","7":"product_cat-llaves","8":"product_cat-herramientas-manuales","10":"first","11":"instock","12":"taxable","13":"shipping-taxable","14":"purchasable","15":"product-type-simple"},"aioseo_notices":[],"_links":{"self":[{"href":"https:\/\/todoherramientas.com.ar\/index.php\/wp-json\/wp\/v2\/product\/10764","targetHints":{"allow":["GET"]}}],"collection":[{"href":"https:\/\/todoherramientas.com.ar\/index.php\/wp-json\/wp\/v2\/product"}],"about":[{"href":"https:\/\/todoherramientas.com.ar\/index.php\/wp-json\/wp\/v2\/types\/product"}],"version-history":[{"count":5,"href":"https:\/\/todoherramientas.com.ar\/index.php\/wp-json\/wp\/v2\/product\/10764\/revisions"}],"predecessor-version":[{"id":15239,"href":"https:\/\/todoherramientas.com.ar\/index.php\/wp-json\/wp\/v2\/product\/10764\/revisions\/15239"}],"wp:featuredmedia":[{"embeddable":true,"href":"https:\/\/todoherramientas.com.ar\/index.php\/wp-json\/wp\/v2\/media\/15216"}],"wp:attachment":[{"href":"https:\/\/todoherramientas.com.ar\/index.php\/wp-json\/wp\/v2\/media?parent=10764"}],"wp:term":[{"taxonomy":"product_brand","embeddable":true,"href":"https:\/\/todoherramientas.com.ar\/index.php\/wp-json\/wp\/v2\/product_brand?post=10764"},{"taxonomy":"product_cat","embeddable":true,"href":"https:\/\/todoherramientas.com.ar\/index.php\/wp-json\/wp\/v2\/product_cat?post=10764"},{"taxonomy":"product_tag","embeddable":true,"href":"https:\/\/todoherramientas.com.ar\/index.php\/wp-json\/wp\/v2\/product_tag?post=10764"}],"curies":[{"name":"wp","href":"https:\/\/api.w.org\/{rel}","templated":true}]}}