{"id":11031,"date":"2023-04-21T13:21:14","date_gmt":"2023-04-21T13:21:14","guid":{"rendered":"https:\/\/todoherramientas.com.ar\/?post_type=product&#038;p=11031"},"modified":"2026-04-05T17:53:11","modified_gmt":"2026-04-05T17:53:11","slug":"pistola-de-pintar-premium-h-v-l-p","status":"publish","type":"product","link":"https:\/\/todoherramientas.com.ar\/index.php\/producto\/pistola-de-pintar-premium-h-v-l-p\/","title":{"rendered":"Pistola de pintar premium H.V.L.P"},"content":{"rendered":"<p dir=\"ltr\">Alto volumen. Baja presi\u00f3n. Sistema de gravedad. Eficacia de transferencia superior al 75%.<\/p>\n<p dir=\"ltr\">Evita exceso de niebla. Resiste pintura de base acuosa y a base de solvente.<\/p>\n<p dir=\"ltr\">Pico de 1.4mm y aguja de acero inoxidable. Cuerpo de aluminio.<\/p>\n<p dir=\"ltr\">Incluye: Man\u00f3metro, dep\u00f3sito pl\u00e1stico de 600cc graduado con tapa, kit de desarme y limpieza, manual con despiece.<\/p>\n<p dir=\"ltr\">\n","protected":false},"excerpt":{"rendered":"<p>3 bar \/ 43 psi<\/p>\n","protected":false},"featured_media":10958,"template":"","meta":{"_joinchat":[]},"product_brand":[152],"product_cat":[21,142],"product_tag":[],"class_list":{"0":"post-11031","1":"product","2":"type-product","3":"status-publish","4":"has-post-thumbnail","6":"product_brand-mota","7":"product_cat-herramientas-neumaticas","8":"product_cat-pistolas-de-pintar-herramientas-neumaticas","10":"first","11":"instock","12":"taxable","13":"shipping-taxable","14":"purchasable","15":"product-type-simple"},"aioseo_notices":[],"_links":{"self":[{"href":"https:\/\/todoherramientas.com.ar\/index.php\/wp-json\/wp\/v2\/product\/11031","targetHints":{"allow":["GET"]}}],"collection":[{"href":"https:\/\/todoherramientas.com.ar\/index.php\/wp-json\/wp\/v2\/product"}],"about":[{"href":"https:\/\/todoherramientas.com.ar\/index.php\/wp-json\/wp\/v2\/types\/product"}],"version-history":[{"count":5,"href":"https:\/\/todoherramientas.com.ar\/index.php\/wp-json\/wp\/v2\/product\/11031\/revisions"}],"predecessor-version":[{"id":15725,"href":"https:\/\/todoherramientas.com.ar\/index.php\/wp-json\/wp\/v2\/product\/11031\/revisions\/15725"}],"wp:featuredmedia":[{"embeddable":true,"href":"https:\/\/todoherramientas.com.ar\/index.php\/wp-json\/wp\/v2\/media\/10958"}],"wp:attachment":[{"href":"https:\/\/todoherramientas.com.ar\/index.php\/wp-json\/wp\/v2\/media?parent=11031"}],"wp:term":[{"taxonomy":"product_brand","embeddable":true,"href":"https:\/\/todoherramientas.com.ar\/index.php\/wp-json\/wp\/v2\/product_brand?post=11031"},{"taxonomy":"product_cat","embeddable":true,"href":"https:\/\/todoherramientas.com.ar\/index.php\/wp-json\/wp\/v2\/product_cat?post=11031"},{"taxonomy":"product_tag","embeddable":true,"href":"https:\/\/todoherramientas.com.ar\/index.php\/wp-json\/wp\/v2\/product_tag?post=11031"}],"curies":[{"name":"wp","href":"https:\/\/api.w.org\/{rel}","templated":true}]}}