{"id":11078,"date":"2023-04-23T15:28:14","date_gmt":"2023-04-23T15:28:14","guid":{"rendered":"https:\/\/todoherramientas.com.ar\/?post_type=product&#038;p=11078"},"modified":"2026-04-05T17:52:48","modified_gmt":"2026-04-05T17:52:48","slug":"llave-de-impacto-mariposa","status":"publish","type":"product","link":"https:\/\/todoherramientas.com.ar\/index.php\/producto\/llave-de-impacto-mariposa\/","title":{"rendered":"Llave de impacto mariposa"},"content":{"rendered":"<p dir=\"ltr\">Ideal para la transmisi\u00f3n, panel de carrocer\u00eda, sistema de escape y reparaci\u00f3n de motores peque\u00f1os.<\/p>\n<p dir=\"ltr\">Cuerpo de aluminio fundido. F\u00e1cil operaci\u00f3n con una sola mano.<\/p>\n<p dir=\"ltr\">Velocidad de giro en vac\u00edo: 10000 rpm. Capacidad de perno: 12.7mm. Presi\u00f3n de trabajo: 6.3 Kg\/cm2. Entrada de aire giratoria de 1\/4&#8243;.<\/p>\n<p dir=\"ltr\">Incluye adaptador de 3\/8&#8243; a 1\/4&#8243;.<\/p>\n<p dir=\"ltr\">\n","protected":false},"excerpt":{"rendered":"<p>3\/8&#8243;<\/p>\n","protected":false},"featured_media":11052,"template":"","meta":{"_joinchat":[]},"product_brand":[152],"product_cat":[144,21],"product_tag":[],"class_list":{"0":"post-11078","1":"product","2":"type-product","3":"status-publish","4":"has-post-thumbnail","6":"product_brand-mota","7":"product_cat-llaves-de-impacto","8":"product_cat-herramientas-neumaticas","10":"first","11":"instock","12":"taxable","13":"shipping-taxable","14":"purchasable","15":"product-type-simple"},"aioseo_notices":[],"_links":{"self":[{"href":"https:\/\/todoherramientas.com.ar\/index.php\/wp-json\/wp\/v2\/product\/11078","targetHints":{"allow":["GET"]}}],"collection":[{"href":"https:\/\/todoherramientas.com.ar\/index.php\/wp-json\/wp\/v2\/product"}],"about":[{"href":"https:\/\/todoherramientas.com.ar\/index.php\/wp-json\/wp\/v2\/types\/product"}],"version-history":[{"count":3,"href":"https:\/\/todoherramientas.com.ar\/index.php\/wp-json\/wp\/v2\/product\/11078\/revisions"}],"predecessor-version":[{"id":14397,"href":"https:\/\/todoherramientas.com.ar\/index.php\/wp-json\/wp\/v2\/product\/11078\/revisions\/14397"}],"wp:featuredmedia":[{"embeddable":true,"href":"https:\/\/todoherramientas.com.ar\/index.php\/wp-json\/wp\/v2\/media\/11052"}],"wp:attachment":[{"href":"https:\/\/todoherramientas.com.ar\/index.php\/wp-json\/wp\/v2\/media?parent=11078"}],"wp:term":[{"taxonomy":"product_brand","embeddable":true,"href":"https:\/\/todoherramientas.com.ar\/index.php\/wp-json\/wp\/v2\/product_brand?post=11078"},{"taxonomy":"product_cat","embeddable":true,"href":"https:\/\/todoherramientas.com.ar\/index.php\/wp-json\/wp\/v2\/product_cat?post=11078"},{"taxonomy":"product_tag","embeddable":true,"href":"https:\/\/todoherramientas.com.ar\/index.php\/wp-json\/wp\/v2\/product_tag?post=11078"}],"curies":[{"name":"wp","href":"https:\/\/api.w.org\/{rel}","templated":true}]}}