{"id":11084,"date":"2023-04-23T22:00:32","date_gmt":"2023-04-23T22:00:32","guid":{"rendered":"https:\/\/todoherramientas.com.ar\/?post_type=product&#038;p=11084"},"modified":"2026-04-05T17:52:48","modified_gmt":"2026-04-05T17:52:48","slug":"juego-de-piedras-montadas-2","status":"publish","type":"product","link":"https:\/\/todoherramientas.com.ar\/index.php\/producto\/juego-de-piedras-montadas-2\/","title":{"rendered":"Juego de piedras montadas"},"content":{"rendered":"<p dir=\"ltr\">5 piedras con v\u00e1stago de 1\/8&#8243; y 5 piedras con v\u00e1stago de 1\/4&#8243;.<\/p>\n<p dir=\"ltr\">Para uso en taladro o minitorno.<\/p>\n<p dir=\"ltr\">Para trabajos de terminaci\u00f3n delicada en artesan\u00edas, pulido, limpieza, metalurgia y matricer\u00eda.<\/p>\n","protected":false},"excerpt":{"rendered":"<p>10 piezas<\/p>\n","protected":false},"featured_media":11180,"template":"","meta":{"_joinchat":[]},"product_brand":[152],"product_cat":[145,21],"product_tag":[],"class_list":{"0":"post-11084","1":"product","2":"type-product","3":"status-publish","4":"has-post-thumbnail","6":"product_brand-mota","7":"product_cat-accesorios-herramientas-neumaticas","8":"product_cat-herramientas-neumaticas","10":"first","11":"instock","12":"taxable","13":"shipping-taxable","14":"purchasable","15":"product-type-simple"},"aioseo_notices":[],"_links":{"self":[{"href":"https:\/\/todoherramientas.com.ar\/index.php\/wp-json\/wp\/v2\/product\/11084","targetHints":{"allow":["GET"]}}],"collection":[{"href":"https:\/\/todoherramientas.com.ar\/index.php\/wp-json\/wp\/v2\/product"}],"about":[{"href":"https:\/\/todoherramientas.com.ar\/index.php\/wp-json\/wp\/v2\/types\/product"}],"version-history":[{"count":2,"href":"https:\/\/todoherramientas.com.ar\/index.php\/wp-json\/wp\/v2\/product\/11084\/revisions"}],"predecessor-version":[{"id":14393,"href":"https:\/\/todoherramientas.com.ar\/index.php\/wp-json\/wp\/v2\/product\/11084\/revisions\/14393"}],"wp:featuredmedia":[{"embeddable":true,"href":"https:\/\/todoherramientas.com.ar\/index.php\/wp-json\/wp\/v2\/media\/11180"}],"wp:attachment":[{"href":"https:\/\/todoherramientas.com.ar\/index.php\/wp-json\/wp\/v2\/media?parent=11084"}],"wp:term":[{"taxonomy":"product_brand","embeddable":true,"href":"https:\/\/todoherramientas.com.ar\/index.php\/wp-json\/wp\/v2\/product_brand?post=11084"},{"taxonomy":"product_cat","embeddable":true,"href":"https:\/\/todoherramientas.com.ar\/index.php\/wp-json\/wp\/v2\/product_cat?post=11084"},{"taxonomy":"product_tag","embeddable":true,"href":"https:\/\/todoherramientas.com.ar\/index.php\/wp-json\/wp\/v2\/product_tag?post=11084"}],"curies":[{"name":"wp","href":"https:\/\/api.w.org\/{rel}","templated":true}]}}