{"id":11088,"date":"2023-04-23T22:06:24","date_gmt":"2023-04-23T22:06:24","guid":{"rendered":"https:\/\/todoherramientas.com.ar\/?post_type=product&#038;p=11088"},"modified":"2026-04-05T17:53:07","modified_gmt":"2026-04-05T17:53:07","slug":"llave-tipo-navaja","status":"publish","type":"product","link":"https:\/\/todoherramientas.com.ar\/index.php\/producto\/llave-tipo-navaja\/","title":{"rendered":"Juego tipo navaja"},"content":{"rendered":"<p>Especialmente dise\u00f1ado para uso en bicicletas.<\/p>\n<p>6 llaves Allen de 2\/2,5\/3\/4\/5\/6mm, 3 llaves de 8\/10\/15 mm, 3 bocallaves de 8\/9\/10 mm.<\/p>\n<p>Presentaci\u00f3n en bl\u00edster, e incluye tambi\u00e9n: regulador de rayos, destornillador plano, destornillador Phillips, extensi\u00f3n de bocallave y cartuchera de transporte.<\/p>\n<p>&nbsp;<\/p>\n","protected":false},"excerpt":{"rendered":"<p>16 herramientas para bicicleta<\/p>\n","protected":false},"featured_media":9907,"template":"","meta":{"_joinchat":[]},"product_brand":[152],"product_cat":[114,48],"product_tag":[],"class_list":{"0":"post-11088","1":"product","2":"type-product","3":"status-publish","4":"has-post-thumbnail","6":"product_brand-mota","7":"product_cat-llaves","8":"product_cat-herramientas-manuales","10":"first","11":"instock","12":"taxable","13":"shipping-taxable","14":"purchasable","15":"product-type-simple"},"aioseo_notices":[],"_links":{"self":[{"href":"https:\/\/todoherramientas.com.ar\/index.php\/wp-json\/wp\/v2\/product\/11088","targetHints":{"allow":["GET"]}}],"collection":[{"href":"https:\/\/todoherramientas.com.ar\/index.php\/wp-json\/wp\/v2\/product"}],"about":[{"href":"https:\/\/todoherramientas.com.ar\/index.php\/wp-json\/wp\/v2\/types\/product"}],"version-history":[{"count":6,"href":"https:\/\/todoherramientas.com.ar\/index.php\/wp-json\/wp\/v2\/product\/11088\/revisions"}],"predecessor-version":[{"id":14392,"href":"https:\/\/todoherramientas.com.ar\/index.php\/wp-json\/wp\/v2\/product\/11088\/revisions\/14392"}],"wp:featuredmedia":[{"embeddable":true,"href":"https:\/\/todoherramientas.com.ar\/index.php\/wp-json\/wp\/v2\/media\/9907"}],"wp:attachment":[{"href":"https:\/\/todoherramientas.com.ar\/index.php\/wp-json\/wp\/v2\/media?parent=11088"}],"wp:term":[{"taxonomy":"product_brand","embeddable":true,"href":"https:\/\/todoherramientas.com.ar\/index.php\/wp-json\/wp\/v2\/product_brand?post=11088"},{"taxonomy":"product_cat","embeddable":true,"href":"https:\/\/todoherramientas.com.ar\/index.php\/wp-json\/wp\/v2\/product_cat?post=11088"},{"taxonomy":"product_tag","embeddable":true,"href":"https:\/\/todoherramientas.com.ar\/index.php\/wp-json\/wp\/v2\/product_tag?post=11088"}],"curies":[{"name":"wp","href":"https:\/\/api.w.org\/{rel}","templated":true}]}}