{"id":11531,"date":"2023-06-12T23:46:31","date_gmt":"2023-06-12T23:46:31","guid":{"rendered":"https:\/\/todoherramientas.com.ar\/?post_type=product&#038;p=11531"},"modified":"2026-04-05T17:52:54","modified_gmt":"2026-04-05T17:52:54","slug":"juego-de-vasos-hexagonales-magneticos","status":"publish","type":"product","link":"https:\/\/todoherramientas.com.ar\/index.php\/producto\/juego-de-vasos-hexagonales-magneticos\/","title":{"rendered":"Juego de vasos hexagonales magn\u00e9ticos"},"content":{"rendered":"<p>3 vasos hexagonales magn\u00e9ticos milim\u00e9tricos encastre 1\/4&#8243;.<\/p>\n<p>Material de cromo vanadio.<\/p>\n<p>Largo total: 65mm.<\/p>\n<p>&nbsp;<\/p>\n","protected":false},"excerpt":{"rendered":"<p>8\/10\/11 MM<\/p>\n","protected":false},"featured_media":11420,"template":"","meta":{"_joinchat":[]},"product_brand":[152],"product_cat":[123,124],"product_tag":[],"class_list":{"0":"post-11531","1":"product","2":"type-product","3":"status-publish","4":"has-post-thumbnail","6":"product_brand-mota","7":"product_cat-accesorios","8":"product_cat-puntas-atornilladoras","10":"first","11":"instock","12":"taxable","13":"shipping-taxable","14":"purchasable","15":"product-type-simple"},"aioseo_notices":[],"_links":{"self":[{"href":"https:\/\/todoherramientas.com.ar\/index.php\/wp-json\/wp\/v2\/product\/11531","targetHints":{"allow":["GET"]}}],"collection":[{"href":"https:\/\/todoherramientas.com.ar\/index.php\/wp-json\/wp\/v2\/product"}],"about":[{"href":"https:\/\/todoherramientas.com.ar\/index.php\/wp-json\/wp\/v2\/types\/product"}],"version-history":[{"count":2,"href":"https:\/\/todoherramientas.com.ar\/index.php\/wp-json\/wp\/v2\/product\/11531\/revisions"}],"predecessor-version":[{"id":14178,"href":"https:\/\/todoherramientas.com.ar\/index.php\/wp-json\/wp\/v2\/product\/11531\/revisions\/14178"}],"wp:featuredmedia":[{"embeddable":true,"href":"https:\/\/todoherramientas.com.ar\/index.php\/wp-json\/wp\/v2\/media\/11420"}],"wp:attachment":[{"href":"https:\/\/todoherramientas.com.ar\/index.php\/wp-json\/wp\/v2\/media?parent=11531"}],"wp:term":[{"taxonomy":"product_brand","embeddable":true,"href":"https:\/\/todoherramientas.com.ar\/index.php\/wp-json\/wp\/v2\/product_brand?post=11531"},{"taxonomy":"product_cat","embeddable":true,"href":"https:\/\/todoherramientas.com.ar\/index.php\/wp-json\/wp\/v2\/product_cat?post=11531"},{"taxonomy":"product_tag","embeddable":true,"href":"https:\/\/todoherramientas.com.ar\/index.php\/wp-json\/wp\/v2\/product_tag?post=11531"}],"curies":[{"name":"wp","href":"https:\/\/api.w.org\/{rel}","templated":true}]}}