{"id":11652,"date":"2023-06-29T13:33:17","date_gmt":"2023-06-29T13:33:17","guid":{"rendered":"https:\/\/todoherramientas.com.ar\/?post_type=product&#038;p=11652"},"modified":"2026-04-05T17:53:03","modified_gmt":"2026-04-05T17:53:03","slug":"cepillo-de-acero-ondulado-3","status":"publish","type":"product","link":"https:\/\/todoherramientas.com.ar\/index.php\/producto\/cepillo-de-acero-ondulado-3\/","title":{"rendered":"Cepillo c\u00f3nico de acero ondulado"},"content":{"rendered":"<p>Uso en amoladoras angulares, de altas revoluciones.<\/p>\n<p>Alambre de acero ondulado latonado de 0,3mm.<\/p>\n<p>Para eliminaci\u00f3n de \u00f3xidos, pinturas y adherencias en general. Construcci\u00f3n met\u00e1lica, astilleros, piedra y hormig\u00f3n.<\/p>\n<p>Rosca M14-2. Flexibilidad y alto rendimiento.<\/p>\n<p>&nbsp;<\/p>\n","protected":false},"excerpt":{"rendered":"<p>100 MM<\/p>\n","protected":false},"featured_media":11643,"template":"","meta":{"_joinchat":[]},"product_brand":[152],"product_cat":[120,105],"product_tag":[],"class_list":{"0":"post-11652","1":"product","2":"type-product","3":"status-publish","4":"has-post-thumbnail","6":"product_brand-mota","7":"product_cat-cepillos","8":"product_cat-insumos-herramientas","10":"first","11":"instock","12":"taxable","13":"shipping-taxable","14":"purchasable","15":"product-type-simple"},"aioseo_notices":[],"_links":{"self":[{"href":"https:\/\/todoherramientas.com.ar\/index.php\/wp-json\/wp\/v2\/product\/11652","targetHints":{"allow":["GET"]}}],"collection":[{"href":"https:\/\/todoherramientas.com.ar\/index.php\/wp-json\/wp\/v2\/product"}],"about":[{"href":"https:\/\/todoherramientas.com.ar\/index.php\/wp-json\/wp\/v2\/types\/product"}],"version-history":[{"count":2,"href":"https:\/\/todoherramientas.com.ar\/index.php\/wp-json\/wp\/v2\/product\/11652\/revisions"}],"predecessor-version":[{"id":14159,"href":"https:\/\/todoherramientas.com.ar\/index.php\/wp-json\/wp\/v2\/product\/11652\/revisions\/14159"}],"wp:featuredmedia":[{"embeddable":true,"href":"https:\/\/todoherramientas.com.ar\/index.php\/wp-json\/wp\/v2\/media\/11643"}],"wp:attachment":[{"href":"https:\/\/todoherramientas.com.ar\/index.php\/wp-json\/wp\/v2\/media?parent=11652"}],"wp:term":[{"taxonomy":"product_brand","embeddable":true,"href":"https:\/\/todoherramientas.com.ar\/index.php\/wp-json\/wp\/v2\/product_brand?post=11652"},{"taxonomy":"product_cat","embeddable":true,"href":"https:\/\/todoherramientas.com.ar\/index.php\/wp-json\/wp\/v2\/product_cat?post=11652"},{"taxonomy":"product_tag","embeddable":true,"href":"https:\/\/todoherramientas.com.ar\/index.php\/wp-json\/wp\/v2\/product_tag?post=11652"}],"curies":[{"name":"wp","href":"https:\/\/api.w.org\/{rel}","templated":true}]}}