{"id":11908,"date":"2023-08-02T13:45:53","date_gmt":"2023-08-02T13:45:53","guid":{"rendered":"https:\/\/todoherramientas.com.ar\/?post_type=product&#038;p=11908"},"modified":"2026-04-05T17:53:04","modified_gmt":"2026-04-05T17:53:04","slug":"barra-de-pegamento-hot-melt","status":"publish","type":"product","link":"https:\/\/todoherramientas.com.ar\/index.php\/producto\/barra-de-pegamento-hot-melt\/","title":{"rendered":"Barra de pegamento"},"content":{"rendered":"<p>Largo: 300mm.<\/p>\n<p>Para el pegado y sellado de madera, pl\u00e1stico, espuma de pl\u00e1stico, textiles, cart\u00f3n, azulejos y cer\u00e1mica.<\/p>\n<p>&nbsp;<\/p>\n","protected":false},"excerpt":{"rendered":"<p>7 MM \/ 1 KG<\/p>\n","protected":false},"featured_media":11899,"template":"","meta":{"_joinchat":[]},"product_brand":[152],"product_cat":[103],"product_tag":[],"class_list":{"0":"post-11908","1":"product","2":"type-product","3":"status-publish","4":"has-post-thumbnail","6":"product_brand-mota","7":"product_cat-herramientas-electricas","9":"first","10":"instock","11":"taxable","12":"shipping-taxable","13":"purchasable","14":"product-type-simple"},"aioseo_notices":[],"_links":{"self":[{"href":"https:\/\/todoherramientas.com.ar\/index.php\/wp-json\/wp\/v2\/product\/11908","targetHints":{"allow":["GET"]}}],"collection":[{"href":"https:\/\/todoherramientas.com.ar\/index.php\/wp-json\/wp\/v2\/product"}],"about":[{"href":"https:\/\/todoherramientas.com.ar\/index.php\/wp-json\/wp\/v2\/types\/product"}],"version-history":[{"count":2,"href":"https:\/\/todoherramientas.com.ar\/index.php\/wp-json\/wp\/v2\/product\/11908\/revisions"}],"predecessor-version":[{"id":14148,"href":"https:\/\/todoherramientas.com.ar\/index.php\/wp-json\/wp\/v2\/product\/11908\/revisions\/14148"}],"wp:featuredmedia":[{"embeddable":true,"href":"https:\/\/todoherramientas.com.ar\/index.php\/wp-json\/wp\/v2\/media\/11899"}],"wp:attachment":[{"href":"https:\/\/todoherramientas.com.ar\/index.php\/wp-json\/wp\/v2\/media?parent=11908"}],"wp:term":[{"taxonomy":"product_brand","embeddable":true,"href":"https:\/\/todoherramientas.com.ar\/index.php\/wp-json\/wp\/v2\/product_brand?post=11908"},{"taxonomy":"product_cat","embeddable":true,"href":"https:\/\/todoherramientas.com.ar\/index.php\/wp-json\/wp\/v2\/product_cat?post=11908"},{"taxonomy":"product_tag","embeddable":true,"href":"https:\/\/todoherramientas.com.ar\/index.php\/wp-json\/wp\/v2\/product_tag?post=11908"}],"curies":[{"name":"wp","href":"https:\/\/api.w.org\/{rel}","templated":true}]}}