{"id":11957,"date":"2023-08-02T19:48:16","date_gmt":"2023-08-02T19:48:16","guid":{"rendered":"https:\/\/todoherramientas.com.ar\/?post_type=product&#038;p=11957"},"modified":"2026-04-05T17:53:05","modified_gmt":"2026-04-05T17:53:05","slug":"pintura-acrilica-de-rapido-secado-18","status":"publish","type":"product","link":"https:\/\/todoherramientas.com.ar\/index.php\/producto\/pintura-acrilica-de-rapido-secado-18\/","title":{"rendered":"Pintura acr\u00edlica de r\u00e1pido secado"},"content":{"rendered":"<p>Pintura acr\u00edlica de r\u00e1pido secado en aerosol.<\/p>\n<p>Uso interior y exterior.<\/p>\n<p>Aplique en espacios con ventilaci\u00f3n adecuada. F\u00e1cil aplicaci\u00f3n.<\/p>\n<p>Para superficies como: madera, metal, pl\u00e1stico r\u00edgido, porcelana, telas, cer\u00e1mica, yeso, vidrio, cart\u00f3n.<\/p>\n","protected":false},"excerpt":{"rendered":"<p>Negro alta temperatura \/ 216 ML<\/p>\n","protected":false},"featured_media":11920,"template":"","meta":{"_joinchat":[]},"product_brand":[152],"product_cat":[106,105],"product_tag":[],"class_list":{"0":"post-11957","1":"product","2":"type-product","3":"status-publish","4":"has-post-thumbnail","6":"product_brand-mota","7":"product_cat-aerosoles-lubrimota-artmota-limpiacontactos","8":"product_cat-insumos-herramientas","10":"first","11":"instock","12":"taxable","13":"shipping-taxable","14":"purchasable","15":"product-type-simple"},"aioseo_notices":[],"_links":{"self":[{"href":"https:\/\/todoherramientas.com.ar\/index.php\/wp-json\/wp\/v2\/product\/11957","targetHints":{"allow":["GET"]}}],"collection":[{"href":"https:\/\/todoherramientas.com.ar\/index.php\/wp-json\/wp\/v2\/product"}],"about":[{"href":"https:\/\/todoherramientas.com.ar\/index.php\/wp-json\/wp\/v2\/types\/product"}],"version-history":[{"count":2,"href":"https:\/\/todoherramientas.com.ar\/index.php\/wp-json\/wp\/v2\/product\/11957\/revisions"}],"predecessor-version":[{"id":13985,"href":"https:\/\/todoherramientas.com.ar\/index.php\/wp-json\/wp\/v2\/product\/11957\/revisions\/13985"}],"wp:featuredmedia":[{"embeddable":true,"href":"https:\/\/todoherramientas.com.ar\/index.php\/wp-json\/wp\/v2\/media\/11920"}],"wp:attachment":[{"href":"https:\/\/todoherramientas.com.ar\/index.php\/wp-json\/wp\/v2\/media?parent=11957"}],"wp:term":[{"taxonomy":"product_brand","embeddable":true,"href":"https:\/\/todoherramientas.com.ar\/index.php\/wp-json\/wp\/v2\/product_brand?post=11957"},{"taxonomy":"product_cat","embeddable":true,"href":"https:\/\/todoherramientas.com.ar\/index.php\/wp-json\/wp\/v2\/product_cat?post=11957"},{"taxonomy":"product_tag","embeddable":true,"href":"https:\/\/todoherramientas.com.ar\/index.php\/wp-json\/wp\/v2\/product_tag?post=11957"}],"curies":[{"name":"wp","href":"https:\/\/api.w.org\/{rel}","templated":true}]}}