{"id":12275,"date":"2023-09-06T23:17:31","date_gmt":"2023-09-06T23:17:31","guid":{"rendered":"https:\/\/todoherramientas.com.ar\/?post_type=product&#038;p=12275"},"modified":"2026-04-05T17:53:16","modified_gmt":"2026-04-05T17:53:16","slug":"juego-de-sierras-copas-bimetalica-2","status":"publish","type":"product","link":"https:\/\/todoherramientas.com.ar\/index.php\/producto\/juego-de-sierras-copas-bimetalica-2\/","title":{"rendered":"Juego de sierras copas bimet\u00e1lica"},"content":{"rendered":"<p>Cuerpo bimet\u00e1lico.<\/p>\n<p>Para corte de metales ferrosos, aceros inoxidables, pl\u00e1sticos y maderas. Profundidad de corte: 35mm.<\/p>\n<p>6 sierras copa \u00d8: 19, 22, 32, 38, 44 y 57 mm, 1 soporte SY5100 con adaptador: para \u00d8 14 a 30 mm, 1 soporte SY5200: para \u00d8 32 a 152mm.<\/p>\n<p>En caja pl\u00e1stica.<\/p>\n<p>&nbsp;<\/p>\n<p>&nbsp;<\/p>\n","protected":false},"excerpt":{"rendered":"<p>6 piezas<\/p>\n","protected":false},"featured_media":12377,"template":"","meta":{"_joinchat":[]},"product_brand":[152],"product_cat":[123,128],"product_tag":[],"class_list":{"0":"post-12275","1":"product","2":"type-product","3":"status-publish","4":"has-post-thumbnail","6":"product_brand-mota","7":"product_cat-accesorios","8":"product_cat-sierras-copa-bimetalicas","10":"first","11":"instock","12":"taxable","13":"shipping-taxable","14":"purchasable","15":"product-type-simple"},"aioseo_notices":[],"_links":{"self":[{"href":"https:\/\/todoherramientas.com.ar\/index.php\/wp-json\/wp\/v2\/product\/12275","targetHints":{"allow":["GET"]}}],"collection":[{"href":"https:\/\/todoherramientas.com.ar\/index.php\/wp-json\/wp\/v2\/product"}],"about":[{"href":"https:\/\/todoherramientas.com.ar\/index.php\/wp-json\/wp\/v2\/types\/product"}],"version-history":[{"count":3,"href":"https:\/\/todoherramientas.com.ar\/index.php\/wp-json\/wp\/v2\/product\/12275\/revisions"}],"predecessor-version":[{"id":14016,"href":"https:\/\/todoherramientas.com.ar\/index.php\/wp-json\/wp\/v2\/product\/12275\/revisions\/14016"}],"wp:featuredmedia":[{"embeddable":true,"href":"https:\/\/todoherramientas.com.ar\/index.php\/wp-json\/wp\/v2\/media\/12377"}],"wp:attachment":[{"href":"https:\/\/todoherramientas.com.ar\/index.php\/wp-json\/wp\/v2\/media?parent=12275"}],"wp:term":[{"taxonomy":"product_brand","embeddable":true,"href":"https:\/\/todoherramientas.com.ar\/index.php\/wp-json\/wp\/v2\/product_brand?post=12275"},{"taxonomy":"product_cat","embeddable":true,"href":"https:\/\/todoherramientas.com.ar\/index.php\/wp-json\/wp\/v2\/product_cat?post=12275"},{"taxonomy":"product_tag","embeddable":true,"href":"https:\/\/todoherramientas.com.ar\/index.php\/wp-json\/wp\/v2\/product_tag?post=12275"}],"curies":[{"name":"wp","href":"https:\/\/api.w.org\/{rel}","templated":true}]}}