{"id":12331,"date":"2023-09-07T13:27:09","date_gmt":"2023-09-07T13:27:09","guid":{"rendered":"https:\/\/todoherramientas.com.ar\/?post_type=product&#038;p=12331"},"modified":"2026-04-05T17:53:18","modified_gmt":"2026-04-05T17:53:18","slug":"mecha-de-widia-encastre-sds-16","status":"publish","type":"product","link":"https:\/\/todoherramientas.com.ar\/index.php\/producto\/mecha-de-widia-encastre-sds-16\/","title":{"rendered":"Mecha de widia encastre SDS"},"content":{"rendered":"<p>Placa de carburo de tungsteno soldada a alta temperatura.<br \/>\nAptas para percusi\u00f3n. Uso en hormig\u00f3n, cer\u00e1mica, baldosas.<br \/>\nRetirar la broca cada 10 segundos y luego de un momento continuar.<br \/>\nCuerpo tratado con acabado arenado (Sandblasting).<\/p>\n","protected":false},"excerpt":{"rendered":"<p>12 MM \/ 410 MM<\/p>\n","protected":false},"featured_media":12186,"template":"","meta":{"_joinchat":[]},"product_brand":[152],"product_cat":[123,119],"product_tag":[],"class_list":{"0":"post-12331","1":"product","2":"type-product","3":"status-publish","4":"has-post-thumbnail","6":"product_brand-mota","7":"product_cat-accesorios","8":"product_cat-mechas","10":"first","11":"instock","12":"taxable","13":"shipping-taxable","14":"purchasable","15":"product-type-simple"},"aioseo_notices":[],"_links":{"self":[{"href":"https:\/\/todoherramientas.com.ar\/index.php\/wp-json\/wp\/v2\/product\/12331","targetHints":{"allow":["GET"]}}],"collection":[{"href":"https:\/\/todoherramientas.com.ar\/index.php\/wp-json\/wp\/v2\/product"}],"about":[{"href":"https:\/\/todoherramientas.com.ar\/index.php\/wp-json\/wp\/v2\/types\/product"}],"version-history":[{"count":2,"href":"https:\/\/todoherramientas.com.ar\/index.php\/wp-json\/wp\/v2\/product\/12331\/revisions"}],"predecessor-version":[{"id":12559,"href":"https:\/\/todoherramientas.com.ar\/index.php\/wp-json\/wp\/v2\/product\/12331\/revisions\/12559"}],"wp:featuredmedia":[{"embeddable":true,"href":"https:\/\/todoherramientas.com.ar\/index.php\/wp-json\/wp\/v2\/media\/12186"}],"wp:attachment":[{"href":"https:\/\/todoherramientas.com.ar\/index.php\/wp-json\/wp\/v2\/media?parent=12331"}],"wp:term":[{"taxonomy":"product_brand","embeddable":true,"href":"https:\/\/todoherramientas.com.ar\/index.php\/wp-json\/wp\/v2\/product_brand?post=12331"},{"taxonomy":"product_cat","embeddable":true,"href":"https:\/\/todoherramientas.com.ar\/index.php\/wp-json\/wp\/v2\/product_cat?post=12331"},{"taxonomy":"product_tag","embeddable":true,"href":"https:\/\/todoherramientas.com.ar\/index.php\/wp-json\/wp\/v2\/product_tag?post=12331"}],"curies":[{"name":"wp","href":"https:\/\/api.w.org\/{rel}","templated":true}]}}