{"id":12350,"date":"2023-09-07T13:46:22","date_gmt":"2023-09-07T13:46:22","guid":{"rendered":"https:\/\/todoherramientas.com.ar\/?post_type=product&#038;p=12350"},"modified":"2026-04-05T17:53:19","modified_gmt":"2026-04-05T17:53:19","slug":"juego-de-mechas-con-encastre-sds","status":"publish","type":"product","link":"https:\/\/todoherramientas.com.ar\/index.php\/producto\/juego-de-mechas-con-encastre-sds\/","title":{"rendered":"Juego de mechas de widia con encastre SDS"},"content":{"rendered":"<p>Placa de carburo de tungsteno soldada a alta temperatura.<br \/>\nAptas para percusi\u00f3n. Uso en hormig\u00f3n, cer\u00e1mica, baldosas.<br \/>\nCuerpo tratado con acabado arenado (Sandblasting).<br \/>\nIncluye: 1 mecha de 5mm x 110mm, 1 mecha de 6mm x 110mm, 1 mecha de 8mm x 160mm, 1 mecha de 10mm x 160mm.<\/p>\n<p>&nbsp;<\/p>\n","protected":false},"excerpt":{"rendered":"<p>4 mechas<\/p>\n","protected":false},"featured_media":12190,"template":"","meta":{"_joinchat":[]},"product_brand":[152],"product_cat":[123,119],"product_tag":[],"class_list":{"0":"post-12350","1":"product","2":"type-product","3":"status-publish","4":"has-post-thumbnail","6":"product_brand-mota","7":"product_cat-accesorios","8":"product_cat-mechas","10":"first","11":"instock","12":"taxable","13":"shipping-taxable","14":"purchasable","15":"product-type-simple"},"aioseo_notices":[],"_links":{"self":[{"href":"https:\/\/todoherramientas.com.ar\/index.php\/wp-json\/wp\/v2\/product\/12350","targetHints":{"allow":["GET"]}}],"collection":[{"href":"https:\/\/todoherramientas.com.ar\/index.php\/wp-json\/wp\/v2\/product"}],"about":[{"href":"https:\/\/todoherramientas.com.ar\/index.php\/wp-json\/wp\/v2\/types\/product"}],"version-history":[{"count":3,"href":"https:\/\/todoherramientas.com.ar\/index.php\/wp-json\/wp\/v2\/product\/12350\/revisions"}],"predecessor-version":[{"id":12750,"href":"https:\/\/todoherramientas.com.ar\/index.php\/wp-json\/wp\/v2\/product\/12350\/revisions\/12750"}],"wp:featuredmedia":[{"embeddable":true,"href":"https:\/\/todoherramientas.com.ar\/index.php\/wp-json\/wp\/v2\/media\/12190"}],"wp:attachment":[{"href":"https:\/\/todoherramientas.com.ar\/index.php\/wp-json\/wp\/v2\/media?parent=12350"}],"wp:term":[{"taxonomy":"product_brand","embeddable":true,"href":"https:\/\/todoherramientas.com.ar\/index.php\/wp-json\/wp\/v2\/product_brand?post=12350"},{"taxonomy":"product_cat","embeddable":true,"href":"https:\/\/todoherramientas.com.ar\/index.php\/wp-json\/wp\/v2\/product_cat?post=12350"},{"taxonomy":"product_tag","embeddable":true,"href":"https:\/\/todoherramientas.com.ar\/index.php\/wp-json\/wp\/v2\/product_tag?post=12350"}],"curies":[{"name":"wp","href":"https:\/\/api.w.org\/{rel}","templated":true}]}}