{"id":12748,"date":"2024-05-27T14:41:17","date_gmt":"2024-05-27T14:41:17","guid":{"rendered":"https:\/\/todoherramientas.com.ar\/?post_type=product&#038;p=12748"},"modified":"2026-04-05T17:53:18","modified_gmt":"2026-04-05T17:53:18","slug":"juego-de-mechas-de-widia","status":"publish","type":"product","link":"https:\/\/todoherramientas.com.ar\/index.php\/producto\/juego-de-mechas-de-widia\/","title":{"rendered":"Juego de mechas de widia"},"content":{"rendered":"<p>Placa de carburo de tungsteno.<\/p>\n<p>Aptas para percusi\u00f3n. Uso en hormig\u00f3n, cer\u00e1mica, baldosas.<\/p>\n<p>Retirar la broca cada 10 segundos y luego de un momento continuar. Cola cil\u00edndrica.<\/p>\n<p>Incluye: 1 mecha de 5mm x 85mm, 1 mecha de 6mm x 100mm, 1 mecha de 8mm x 120mm, 1 mecha de 10mm x 120mm.<\/p>\n<p>&nbsp;<\/p>\n","protected":false},"excerpt":{"rendered":"<p>4 mechas<\/p>\n","protected":false},"featured_media":12723,"template":"","meta":{"_joinchat":[]},"product_brand":[152],"product_cat":[123,119],"product_tag":[],"class_list":{"0":"post-12748","1":"product","2":"type-product","3":"status-publish","4":"has-post-thumbnail","6":"product_brand-mota","7":"product_cat-accesorios","8":"product_cat-mechas","10":"first","11":"instock","12":"taxable","13":"shipping-taxable","14":"purchasable","15":"product-type-simple"},"aioseo_notices":[],"_links":{"self":[{"href":"https:\/\/todoherramientas.com.ar\/index.php\/wp-json\/wp\/v2\/product\/12748","targetHints":{"allow":["GET"]}}],"collection":[{"href":"https:\/\/todoherramientas.com.ar\/index.php\/wp-json\/wp\/v2\/product"}],"about":[{"href":"https:\/\/todoherramientas.com.ar\/index.php\/wp-json\/wp\/v2\/types\/product"}],"version-history":[{"count":2,"href":"https:\/\/todoherramientas.com.ar\/index.php\/wp-json\/wp\/v2\/product\/12748\/revisions"}],"predecessor-version":[{"id":14006,"href":"https:\/\/todoherramientas.com.ar\/index.php\/wp-json\/wp\/v2\/product\/12748\/revisions\/14006"}],"wp:featuredmedia":[{"embeddable":true,"href":"https:\/\/todoherramientas.com.ar\/index.php\/wp-json\/wp\/v2\/media\/12723"}],"wp:attachment":[{"href":"https:\/\/todoherramientas.com.ar\/index.php\/wp-json\/wp\/v2\/media?parent=12748"}],"wp:term":[{"taxonomy":"product_brand","embeddable":true,"href":"https:\/\/todoherramientas.com.ar\/index.php\/wp-json\/wp\/v2\/product_brand?post=12748"},{"taxonomy":"product_cat","embeddable":true,"href":"https:\/\/todoherramientas.com.ar\/index.php\/wp-json\/wp\/v2\/product_cat?post=12748"},{"taxonomy":"product_tag","embeddable":true,"href":"https:\/\/todoherramientas.com.ar\/index.php\/wp-json\/wp\/v2\/product_tag?post=12748"}],"curies":[{"name":"wp","href":"https:\/\/api.w.org\/{rel}","templated":true}]}}