{"id":12759,"date":"2024-05-29T12:15:44","date_gmt":"2024-05-29T12:15:44","guid":{"rendered":"https:\/\/todoherramientas.com.ar\/?post_type=product&#038;p=12759"},"modified":"2026-04-05T17:53:16","modified_gmt":"2026-04-05T17:53:16","slug":"tijera-de-hojalatero-3","status":"publish","type":"product","link":"https:\/\/todoherramientas.com.ar\/index.php\/producto\/tijera-de-hojalatero-3\/","title":{"rendered":"Tijera de hojalatero"},"content":{"rendered":"<p>Corte hasta 1mm en chapa y 0.5mm en acero inoxidable.<\/p>\n<p>Cuchillas forjadas SAE 6150 en acero cromo vanadio.<\/p>\n<p>Dureza de hojas 58-60 HRC. Filo de hoja aserrado.<\/p>\n<p>Mangos ergon\u00f3micos de aislaci\u00f3n pesada en pl\u00e1sticos compuestos.<\/p>\n<p>&nbsp;<\/p>\n","protected":false},"excerpt":{"rendered":"<p>Corte izquierdo<\/p>\n","protected":false},"featured_media":12752,"template":"","meta":{"_joinchat":[]},"product_brand":[152],"product_cat":[127,48],"product_tag":[],"class_list":{"0":"post-12759","1":"product","2":"type-product","3":"status-publish","4":"has-post-thumbnail","6":"product_brand-mota","7":"product_cat-construccion","8":"product_cat-herramientas-manuales","10":"first","11":"instock","12":"taxable","13":"shipping-taxable","14":"purchasable","15":"product-type-simple"},"aioseo_notices":[],"_links":{"self":[{"href":"https:\/\/todoherramientas.com.ar\/index.php\/wp-json\/wp\/v2\/product\/12759","targetHints":{"allow":["GET"]}}],"collection":[{"href":"https:\/\/todoherramientas.com.ar\/index.php\/wp-json\/wp\/v2\/product"}],"about":[{"href":"https:\/\/todoherramientas.com.ar\/index.php\/wp-json\/wp\/v2\/types\/product"}],"version-history":[{"count":3,"href":"https:\/\/todoherramientas.com.ar\/index.php\/wp-json\/wp\/v2\/product\/12759\/revisions"}],"predecessor-version":[{"id":14002,"href":"https:\/\/todoherramientas.com.ar\/index.php\/wp-json\/wp\/v2\/product\/12759\/revisions\/14002"}],"wp:featuredmedia":[{"embeddable":true,"href":"https:\/\/todoherramientas.com.ar\/index.php\/wp-json\/wp\/v2\/media\/12752"}],"wp:attachment":[{"href":"https:\/\/todoherramientas.com.ar\/index.php\/wp-json\/wp\/v2\/media?parent=12759"}],"wp:term":[{"taxonomy":"product_brand","embeddable":true,"href":"https:\/\/todoherramientas.com.ar\/index.php\/wp-json\/wp\/v2\/product_brand?post=12759"},{"taxonomy":"product_cat","embeddable":true,"href":"https:\/\/todoherramientas.com.ar\/index.php\/wp-json\/wp\/v2\/product_cat?post=12759"},{"taxonomy":"product_tag","embeddable":true,"href":"https:\/\/todoherramientas.com.ar\/index.php\/wp-json\/wp\/v2\/product_tag?post=12759"}],"curies":[{"name":"wp","href":"https:\/\/api.w.org\/{rel}","templated":true}]}}