{"id":12951,"date":"2024-08-07T15:04:14","date_gmt":"2024-08-07T15:04:14","guid":{"rendered":"https:\/\/todoherramientas.com.ar\/?post_type=product&#038;p=12951"},"modified":"2026-04-05T17:53:00","modified_gmt":"2026-04-05T17:53:00","slug":"llave-crique","status":"publish","type":"product","link":"https:\/\/todoherramientas.com.ar\/index.php\/producto\/llave-crique\/","title":{"rendered":"Llave crique"},"content":{"rendered":"<p>Material de acero cromo vanadio. Terminaci\u00f3n satinada anticorrosi\u00f3n.<\/p>\n<p>Encastre con bolilla de seguridad. Bot\u00f3n r\u00e1pida liberaci\u00f3n.<\/p>\n<p>Crique de 45 dientes reversible.<\/p>\n<p>Empu\u00f1adura ergon\u00f3mica bi-inyectada.<\/p>\n<p>&nbsp;<\/p>\n","protected":false},"excerpt":{"rendered":"<p>3\/8&#8243; \/ 230 MM<\/p>\n","protected":false},"featured_media":12730,"template":"","meta":{"_joinchat":[]},"product_brand":[152],"product_cat":[123,121],"product_tag":[],"class_list":{"0":"post-12951","1":"product","2":"type-product","3":"status-publish","4":"has-post-thumbnail","6":"product_brand-mota","7":"product_cat-accesorios","8":"product_cat-bocallaves","10":"first","11":"instock","12":"taxable","13":"shipping-taxable","14":"purchasable","15":"product-type-simple"},"aioseo_notices":[],"_links":{"self":[{"href":"https:\/\/todoherramientas.com.ar\/index.php\/wp-json\/wp\/v2\/product\/12951","targetHints":{"allow":["GET"]}}],"collection":[{"href":"https:\/\/todoherramientas.com.ar\/index.php\/wp-json\/wp\/v2\/product"}],"about":[{"href":"https:\/\/todoherramientas.com.ar\/index.php\/wp-json\/wp\/v2\/types\/product"}],"version-history":[{"count":1,"href":"https:\/\/todoherramientas.com.ar\/index.php\/wp-json\/wp\/v2\/product\/12951\/revisions"}],"predecessor-version":[{"id":12952,"href":"https:\/\/todoherramientas.com.ar\/index.php\/wp-json\/wp\/v2\/product\/12951\/revisions\/12952"}],"wp:featuredmedia":[{"embeddable":true,"href":"https:\/\/todoherramientas.com.ar\/index.php\/wp-json\/wp\/v2\/media\/12730"}],"wp:attachment":[{"href":"https:\/\/todoherramientas.com.ar\/index.php\/wp-json\/wp\/v2\/media?parent=12951"}],"wp:term":[{"taxonomy":"product_brand","embeddable":true,"href":"https:\/\/todoherramientas.com.ar\/index.php\/wp-json\/wp\/v2\/product_brand?post=12951"},{"taxonomy":"product_cat","embeddable":true,"href":"https:\/\/todoherramientas.com.ar\/index.php\/wp-json\/wp\/v2\/product_cat?post=12951"},{"taxonomy":"product_tag","embeddable":true,"href":"https:\/\/todoherramientas.com.ar\/index.php\/wp-json\/wp\/v2\/product_tag?post=12951"}],"curies":[{"name":"wp","href":"https:\/\/api.w.org\/{rel}","templated":true}]}}