{"id":13071,"date":"2024-08-26T12:32:03","date_gmt":"2024-08-26T12:32:03","guid":{"rendered":"https:\/\/todoherramientas.com.ar\/?post_type=product&#038;p=13071"},"modified":"2026-04-03T00:22:14","modified_gmt":"2026-04-03T00:22:14","slug":"alba-enduido-interior-4","status":"publish","type":"product","link":"https:\/\/todoherramientas.com.ar\/index.php\/producto\/alba-enduido-interior-4\/","title":{"rendered":"Alba endu\u00eddo interior"},"content":{"rendered":"<p>Endu\u00eddo acr\u00edlico para interiores.<\/p>\n<p>Especialmente formulado para reparar peque\u00f1as grietas, rajaduras o fisuras en superficies interiores a ser pintadas, permitiendo obtener terminaciones lisas y de calidad.<\/p>\n<p>De f\u00e1cil aplicaci\u00f3n. No deja olor.<\/p>\n","protected":false},"excerpt":{"rendered":"<p>Blanco 20 LTS<\/p>\n","protected":false},"featured_media":15718,"template":"","meta":{"_joinchat":[]},"product_brand":[156],"product_cat":[129,132],"product_tag":[],"class_list":{"0":"post-13071","1":"product","2":"type-product","3":"status-publish","4":"has-post-thumbnail","6":"product_brand-alba","7":"product_cat-pinturas","8":"product_cat-predeco","10":"first","11":"instock","12":"taxable","13":"shipping-taxable","14":"purchasable","15":"product-type-simple"},"aioseo_notices":[],"_links":{"self":[{"href":"https:\/\/todoherramientas.com.ar\/index.php\/wp-json\/wp\/v2\/product\/13071","targetHints":{"allow":["GET"]}}],"collection":[{"href":"https:\/\/todoherramientas.com.ar\/index.php\/wp-json\/wp\/v2\/product"}],"about":[{"href":"https:\/\/todoherramientas.com.ar\/index.php\/wp-json\/wp\/v2\/types\/product"}],"version-history":[{"count":1,"href":"https:\/\/todoherramientas.com.ar\/index.php\/wp-json\/wp\/v2\/product\/13071\/revisions"}],"predecessor-version":[{"id":13072,"href":"https:\/\/todoherramientas.com.ar\/index.php\/wp-json\/wp\/v2\/product\/13071\/revisions\/13072"}],"wp:featuredmedia":[{"embeddable":true,"href":"https:\/\/todoherramientas.com.ar\/index.php\/wp-json\/wp\/v2\/media\/15718"}],"wp:attachment":[{"href":"https:\/\/todoherramientas.com.ar\/index.php\/wp-json\/wp\/v2\/media?parent=13071"}],"wp:term":[{"taxonomy":"product_brand","embeddable":true,"href":"https:\/\/todoherramientas.com.ar\/index.php\/wp-json\/wp\/v2\/product_brand?post=13071"},{"taxonomy":"product_cat","embeddable":true,"href":"https:\/\/todoherramientas.com.ar\/index.php\/wp-json\/wp\/v2\/product_cat?post=13071"},{"taxonomy":"product_tag","embeddable":true,"href":"https:\/\/todoherramientas.com.ar\/index.php\/wp-json\/wp\/v2\/product_tag?post=13071"}],"curies":[{"name":"wp","href":"https:\/\/api.w.org\/{rel}","templated":true}]}}