{"id":13095,"date":"2024-08-26T14:31:17","date_gmt":"2024-08-26T14:31:17","guid":{"rendered":"https:\/\/todoherramientas.com.ar\/?post_type=product&#038;p=13095"},"modified":"2026-04-03T00:22:14","modified_gmt":"2026-04-03T00:22:14","slug":"esmalte-sintetico-doble-accion-2","status":"publish","type":"product","link":"https:\/\/todoherramientas.com.ar\/index.php\/producto\/esmalte-sintetico-doble-accion-2\/","title":{"rendered":"Esmalte sint\u00e9tico Doble Acci\u00f3n"},"content":{"rendered":"<p>Esmalte sint\u00e9tico brillante + anti\u00f3xido, es un producto para ser aplicado sobre metales ferrosos o maderas.<\/p>\n<p>Formulado en base a pol\u00edmeros alqu\u00eddicos en solventes org\u00e1nicos.<\/p>\n<p>Previene e inactiva la corrosi\u00f3n otorgando excelente protecci\u00f3n a los metales, posee una gran resistencia a la intemperie, a la abrasi\u00f3n, al uso y a los lavados.<\/p>\n<p>Blanco y 18 colores listos para usar.<\/p>\n<p>&nbsp;<\/p>\n<p>&nbsp;<\/p>\n<p>&nbsp;<\/p>\n","protected":false},"excerpt":{"rendered":"<p>Amarillo 1 LT<\/p>\n","protected":false},"featured_media":12989,"template":"","meta":{"_joinchat":[]},"product_brand":[156],"product_cat":[133,129],"product_tag":[],"class_list":{"0":"post-13095","1":"product","2":"type-product","3":"status-publish","4":"has-post-thumbnail","6":"product_brand-alba","7":"product_cat-esmaltes","8":"product_cat-pinturas","10":"first","11":"instock","12":"taxable","13":"shipping-taxable","14":"purchasable","15":"product-type-simple"},"aioseo_notices":[],"_links":{"self":[{"href":"https:\/\/todoherramientas.com.ar\/index.php\/wp-json\/wp\/v2\/product\/13095","targetHints":{"allow":["GET"]}}],"collection":[{"href":"https:\/\/todoherramientas.com.ar\/index.php\/wp-json\/wp\/v2\/product"}],"about":[{"href":"https:\/\/todoherramientas.com.ar\/index.php\/wp-json\/wp\/v2\/types\/product"}],"version-history":[{"count":1,"href":"https:\/\/todoherramientas.com.ar\/index.php\/wp-json\/wp\/v2\/product\/13095\/revisions"}],"predecessor-version":[{"id":13096,"href":"https:\/\/todoherramientas.com.ar\/index.php\/wp-json\/wp\/v2\/product\/13095\/revisions\/13096"}],"wp:featuredmedia":[{"embeddable":true,"href":"https:\/\/todoherramientas.com.ar\/index.php\/wp-json\/wp\/v2\/media\/12989"}],"wp:attachment":[{"href":"https:\/\/todoherramientas.com.ar\/index.php\/wp-json\/wp\/v2\/media?parent=13095"}],"wp:term":[{"taxonomy":"product_brand","embeddable":true,"href":"https:\/\/todoherramientas.com.ar\/index.php\/wp-json\/wp\/v2\/product_brand?post=13095"},{"taxonomy":"product_cat","embeddable":true,"href":"https:\/\/todoherramientas.com.ar\/index.php\/wp-json\/wp\/v2\/product_cat?post=13095"},{"taxonomy":"product_tag","embeddable":true,"href":"https:\/\/todoherramientas.com.ar\/index.php\/wp-json\/wp\/v2\/product_tag?post=13095"}],"curies":[{"name":"wp","href":"https:\/\/api.w.org\/{rel}","templated":true}]}}