{"id":13387,"date":"2024-09-02T19:28:50","date_gmt":"2024-09-02T19:28:50","guid":{"rendered":"https:\/\/todoherramientas.com.ar\/?post_type=product&#038;p=13387"},"modified":"2026-04-03T00:22:19","modified_gmt":"2026-04-03T00:22:19","slug":"banos-y-cocinas-2","status":"publish","type":"product","link":"https:\/\/todoherramientas.com.ar\/index.php\/producto\/banos-y-cocinas-2\/","title":{"rendered":"Ba\u00f1os y cocinas"},"content":{"rendered":"<p>L\u00e1tex para interiores terminaci\u00f3n mate.<\/p>\n<p>Evita el desarrollo de hongos. Especialmente formulado para ambientes propensos a la formaci\u00f3n de hongos, como ba\u00f1os, cocinas, lavaderos, etc.<\/p>\n<p>Excelente poder cubritivo, nivelaci\u00f3n y \u00f3ptima lavabilidad.<\/p>\n<p>Blanco, entonable con Tonalba hasta 60 cm3\/litro.<\/p>\n","protected":false},"excerpt":{"rendered":"<p>Blanco 4 LTS<\/p>\n","protected":false},"featured_media":13558,"template":"","meta":{"_joinchat":[]},"product_brand":[156],"product_cat":[130,129],"product_tag":[],"class_list":{"0":"post-13387","1":"product","2":"type-product","3":"status-publish","4":"has-post-thumbnail","6":"product_brand-alba","7":"product_cat-interior","8":"product_cat-pinturas","10":"first","11":"instock","12":"taxable","13":"shipping-taxable","14":"purchasable","15":"product-type-simple"},"aioseo_notices":[],"_links":{"self":[{"href":"https:\/\/todoherramientas.com.ar\/index.php\/wp-json\/wp\/v2\/product\/13387","targetHints":{"allow":["GET"]}}],"collection":[{"href":"https:\/\/todoherramientas.com.ar\/index.php\/wp-json\/wp\/v2\/product"}],"about":[{"href":"https:\/\/todoherramientas.com.ar\/index.php\/wp-json\/wp\/v2\/types\/product"}],"version-history":[{"count":1,"href":"https:\/\/todoherramientas.com.ar\/index.php\/wp-json\/wp\/v2\/product\/13387\/revisions"}],"predecessor-version":[{"id":13388,"href":"https:\/\/todoherramientas.com.ar\/index.php\/wp-json\/wp\/v2\/product\/13387\/revisions\/13388"}],"wp:featuredmedia":[{"embeddable":true,"href":"https:\/\/todoherramientas.com.ar\/index.php\/wp-json\/wp\/v2\/media\/13558"}],"wp:attachment":[{"href":"https:\/\/todoherramientas.com.ar\/index.php\/wp-json\/wp\/v2\/media?parent=13387"}],"wp:term":[{"taxonomy":"product_brand","embeddable":true,"href":"https:\/\/todoherramientas.com.ar\/index.php\/wp-json\/wp\/v2\/product_brand?post=13387"},{"taxonomy":"product_cat","embeddable":true,"href":"https:\/\/todoherramientas.com.ar\/index.php\/wp-json\/wp\/v2\/product_cat?post=13387"},{"taxonomy":"product_tag","embeddable":true,"href":"https:\/\/todoherramientas.com.ar\/index.php\/wp-json\/wp\/v2\/product_tag?post=13387"}],"curies":[{"name":"wp","href":"https:\/\/api.w.org\/{rel}","templated":true}]}}