{"id":13627,"date":"2024-10-18T15:00:25","date_gmt":"2024-10-18T15:00:25","guid":{"rendered":"https:\/\/todoherramientas.com.ar\/?post_type=product&#038;p=13627"},"modified":"2026-04-05T01:07:48","modified_gmt":"2026-04-05T01:07:48","slug":"llave-crique-2","status":"publish","type":"product","link":"https:\/\/todoherramientas.com.ar\/index.php\/producto\/llave-crique-2\/","title":{"rendered":"Llave crique"},"content":{"rendered":"<div class=\"m-t-md m-b vc_column_container col-md-6\">\n<div class=\"wpb_wrapper vc_column-inner\">\n<div class=\"wpb_text_column wpb_content_element wpb_custom_7c91d232724f73626cc933bd95b25ff0\">\n<div class=\"wpb_wrapper\"><\/div>\n<\/div>\n<\/div>\n<\/div>\n<p>Material de acero cromo vanadio. Terminaci\u00f3n satinada anticorrosi\u00f3n.<\/p>\n<p>Encastre con bolilla de seguridad. Bot\u00f3n r\u00e1pida liberaci\u00f3n.<\/p>\n<p>Crique de 45 dientes reversible.<\/p>\n<p>Mango antideslizante con dise\u00f1o ergon\u00f3mico.<\/p>\n","protected":false},"excerpt":{"rendered":"<p>1\/2&#8243; \/ 260 MM<\/p>\n","protected":false},"featured_media":14813,"template":"","meta":{"_joinchat":[]},"product_brand":[153],"product_cat":[114,48],"product_tag":[],"class_list":{"0":"post-13627","1":"product","2":"type-product","3":"status-publish","4":"has-post-thumbnail","6":"product_brand-total","7":"product_cat-llaves","8":"product_cat-herramientas-manuales","10":"first","11":"instock","12":"taxable","13":"shipping-taxable","14":"purchasable","15":"product-type-simple"},"aioseo_notices":[],"_links":{"self":[{"href":"https:\/\/todoherramientas.com.ar\/index.php\/wp-json\/wp\/v2\/product\/13627","targetHints":{"allow":["GET"]}}],"collection":[{"href":"https:\/\/todoherramientas.com.ar\/index.php\/wp-json\/wp\/v2\/product"}],"about":[{"href":"https:\/\/todoherramientas.com.ar\/index.php\/wp-json\/wp\/v2\/types\/product"}],"version-history":[{"count":1,"href":"https:\/\/todoherramientas.com.ar\/index.php\/wp-json\/wp\/v2\/product\/13627\/revisions"}],"predecessor-version":[{"id":13628,"href":"https:\/\/todoherramientas.com.ar\/index.php\/wp-json\/wp\/v2\/product\/13627\/revisions\/13628"}],"wp:featuredmedia":[{"embeddable":true,"href":"https:\/\/todoherramientas.com.ar\/index.php\/wp-json\/wp\/v2\/media\/14813"}],"wp:attachment":[{"href":"https:\/\/todoherramientas.com.ar\/index.php\/wp-json\/wp\/v2\/media?parent=13627"}],"wp:term":[{"taxonomy":"product_brand","embeddable":true,"href":"https:\/\/todoherramientas.com.ar\/index.php\/wp-json\/wp\/v2\/product_brand?post=13627"},{"taxonomy":"product_cat","embeddable":true,"href":"https:\/\/todoherramientas.com.ar\/index.php\/wp-json\/wp\/v2\/product_cat?post=13627"},{"taxonomy":"product_tag","embeddable":true,"href":"https:\/\/todoherramientas.com.ar\/index.php\/wp-json\/wp\/v2\/product_tag?post=13627"}],"curies":[{"name":"wp","href":"https:\/\/api.w.org\/{rel}","templated":true}]}}