{"id":14783,"date":"2025-10-12T16:13:36","date_gmt":"2025-10-12T16:13:36","guid":{"rendered":"https:\/\/todoherramientas.com.ar\/?post_type=product&#038;p=14783"},"modified":"2026-04-05T23:35:04","modified_gmt":"2026-04-05T23:35:04","slug":"taladro-percutor-inalambrico","status":"publish","type":"product","link":"https:\/\/todoherramientas.com.ar\/index.php\/producto\/taladro-percutor-inalambrico\/","title":{"rendered":"Taladro percutor inal\u00e1mbrico Brushless"},"content":{"rendered":"<p>Mandril met\u00e1lico autoajustable de 13mm. Luz led integrada e indicador led de bater\u00eda.<\/p>\n<p>Caja mec\u00e1nica de 2 velocidades. Velocidad variable: 500\/2000 rpm.<\/p>\n<p>Tasa de impacto: 30000 gpm. Control de Torque: 22+1. Torque M\u00e1ximo: 55NM.<\/p>\n<p>Motor Brushless (sin carbones). No incluye bater\u00eda ni cargador.<\/p>\n","protected":false},"excerpt":{"rendered":"<p>55 NM \/ 20 V<\/p>\n","protected":false},"featured_media":14790,"template":"","meta":{"_joinchat":[]},"product_brand":[153],"product_cat":[160,103,137],"product_tag":[],"class_list":{"0":"post-14783","1":"product","2":"type-product","3":"status-publish","4":"has-post-thumbnail","6":"product_brand-total","7":"product_cat-a-bateria","8":"product_cat-herramientas-electricas","9":"product_cat-taladros","11":"first","12":"instock","13":"taxable","14":"shipping-taxable","15":"purchasable","16":"product-type-simple"},"aioseo_notices":[],"_links":{"self":[{"href":"https:\/\/todoherramientas.com.ar\/index.php\/wp-json\/wp\/v2\/product\/14783","targetHints":{"allow":["GET"]}}],"collection":[{"href":"https:\/\/todoherramientas.com.ar\/index.php\/wp-json\/wp\/v2\/product"}],"about":[{"href":"https:\/\/todoherramientas.com.ar\/index.php\/wp-json\/wp\/v2\/types\/product"}],"version-history":[{"count":5,"href":"https:\/\/todoherramientas.com.ar\/index.php\/wp-json\/wp\/v2\/product\/14783\/revisions"}],"predecessor-version":[{"id":14837,"href":"https:\/\/todoherramientas.com.ar\/index.php\/wp-json\/wp\/v2\/product\/14783\/revisions\/14837"}],"wp:featuredmedia":[{"embeddable":true,"href":"https:\/\/todoherramientas.com.ar\/index.php\/wp-json\/wp\/v2\/media\/14790"}],"wp:attachment":[{"href":"https:\/\/todoherramientas.com.ar\/index.php\/wp-json\/wp\/v2\/media?parent=14783"}],"wp:term":[{"taxonomy":"product_brand","embeddable":true,"href":"https:\/\/todoherramientas.com.ar\/index.php\/wp-json\/wp\/v2\/product_brand?post=14783"},{"taxonomy":"product_cat","embeddable":true,"href":"https:\/\/todoherramientas.com.ar\/index.php\/wp-json\/wp\/v2\/product_cat?post=14783"},{"taxonomy":"product_tag","embeddable":true,"href":"https:\/\/todoherramientas.com.ar\/index.php\/wp-json\/wp\/v2\/product_tag?post=14783"}],"curies":[{"name":"wp","href":"https:\/\/api.w.org\/{rel}","templated":true}]}}