{"id":14814,"date":"2025-10-13T00:16:55","date_gmt":"2025-10-13T00:16:55","guid":{"rendered":"https:\/\/todoherramientas.com.ar\/?post_type=product&#038;p=14814"},"modified":"2026-04-05T01:07:47","modified_gmt":"2026-04-05T01:07:47","slug":"crique-carrito-extrachato","status":"publish","type":"product","link":"https:\/\/todoherramientas.com.ar\/index.php\/producto\/crique-carrito-extrachato\/","title":{"rendered":"Crique carrito extrachato"},"content":{"rendered":"<p>Crique hidr\u00e1ulico con ruedas.<\/p>\n<p>Elevaci\u00f3n r\u00e1pida gracias a su doble pist\u00f3n.<\/p>\n<p>Su palanca de 30 cm permite un manejo c\u00f3modo y eficiente. Rango de 85 a 515mm. Peso: 31,4 kg.<\/p>\n<p>Cuenta con un formato de gato de perfil bajo, lo que permite un f\u00e1cil acceso a veh\u00edculos y maquinarias.<\/p>\n<p>&nbsp;<\/p>\n<p>&nbsp;<\/p>\n<p>&nbsp;<\/p>\n","protected":false},"excerpt":{"rendered":"<p>3 TN<\/p>\n","protected":false},"featured_media":15031,"template":"","meta":{"_joinchat":[]},"product_brand":[153],"product_cat":[21],"product_tag":[],"class_list":{"0":"post-14814","1":"product","2":"type-product","3":"status-publish","4":"has-post-thumbnail","6":"product_brand-total","7":"product_cat-herramientas-neumaticas","9":"first","10":"instock","11":"taxable","12":"shipping-taxable","13":"purchasable","14":"product-type-simple"},"aioseo_notices":[],"_links":{"self":[{"href":"https:\/\/todoherramientas.com.ar\/index.php\/wp-json\/wp\/v2\/product\/14814","targetHints":{"allow":["GET"]}}],"collection":[{"href":"https:\/\/todoherramientas.com.ar\/index.php\/wp-json\/wp\/v2\/product"}],"about":[{"href":"https:\/\/todoherramientas.com.ar\/index.php\/wp-json\/wp\/v2\/types\/product"}],"version-history":[{"count":3,"href":"https:\/\/todoherramientas.com.ar\/index.php\/wp-json\/wp\/v2\/product\/14814\/revisions"}],"predecessor-version":[{"id":14818,"href":"https:\/\/todoherramientas.com.ar\/index.php\/wp-json\/wp\/v2\/product\/14814\/revisions\/14818"}],"wp:featuredmedia":[{"embeddable":true,"href":"https:\/\/todoherramientas.com.ar\/index.php\/wp-json\/wp\/v2\/media\/15031"}],"wp:attachment":[{"href":"https:\/\/todoherramientas.com.ar\/index.php\/wp-json\/wp\/v2\/media?parent=14814"}],"wp:term":[{"taxonomy":"product_brand","embeddable":true,"href":"https:\/\/todoherramientas.com.ar\/index.php\/wp-json\/wp\/v2\/product_brand?post=14814"},{"taxonomy":"product_cat","embeddable":true,"href":"https:\/\/todoherramientas.com.ar\/index.php\/wp-json\/wp\/v2\/product_cat?post=14814"},{"taxonomy":"product_tag","embeddable":true,"href":"https:\/\/todoherramientas.com.ar\/index.php\/wp-json\/wp\/v2\/product_tag?post=14814"}],"curies":[{"name":"wp","href":"https:\/\/api.w.org\/{rel}","templated":true}]}}