{"id":14863,"date":"2025-10-13T23:50:05","date_gmt":"2025-10-13T23:50:05","guid":{"rendered":"https:\/\/todoherramientas.com.ar\/?post_type=product&#038;p=14863"},"modified":"2026-04-04T16:00:45","modified_gmt":"2026-04-04T16:00:45","slug":"bateria-de-litio-4","status":"publish","type":"product","link":"https:\/\/todoherramientas.com.ar\/index.php\/producto\/bateria-de-litio-4\/","title":{"rendered":"Cargador de bater\u00eda"},"content":{"rendered":"<p>Cargador r\u00e1pido para bater\u00eda de litio 20V 1.8A<\/p>\n<p>Apto para todas las herramientas inal\u00e1mbricas 20V marca Dyllu.<\/p>\n<p>Indicador led de carga.<\/p>\n","protected":false},"excerpt":{"rendered":"<p>20 V \/ 1.8 A<\/p>\n","protected":false},"featured_media":14865,"template":"","meta":{"_joinchat":[]},"product_brand":[154],"product_cat":[160,103],"product_tag":[],"class_list":{"0":"post-14863","1":"product","2":"type-product","3":"status-publish","4":"has-post-thumbnail","6":"product_brand-dyllu","7":"product_cat-a-bateria","8":"product_cat-herramientas-electricas","10":"first","11":"instock","12":"taxable","13":"shipping-taxable","14":"purchasable","15":"product-type-simple"},"aioseo_notices":[],"_links":{"self":[{"href":"https:\/\/todoherramientas.com.ar\/index.php\/wp-json\/wp\/v2\/product\/14863","targetHints":{"allow":["GET"]}}],"collection":[{"href":"https:\/\/todoherramientas.com.ar\/index.php\/wp-json\/wp\/v2\/product"}],"about":[{"href":"https:\/\/todoherramientas.com.ar\/index.php\/wp-json\/wp\/v2\/types\/product"}],"version-history":[{"count":2,"href":"https:\/\/todoherramientas.com.ar\/index.php\/wp-json\/wp\/v2\/product\/14863\/revisions"}],"predecessor-version":[{"id":14866,"href":"https:\/\/todoherramientas.com.ar\/index.php\/wp-json\/wp\/v2\/product\/14863\/revisions\/14866"}],"wp:featuredmedia":[{"embeddable":true,"href":"https:\/\/todoherramientas.com.ar\/index.php\/wp-json\/wp\/v2\/media\/14865"}],"wp:attachment":[{"href":"https:\/\/todoherramientas.com.ar\/index.php\/wp-json\/wp\/v2\/media?parent=14863"}],"wp:term":[{"taxonomy":"product_brand","embeddable":true,"href":"https:\/\/todoherramientas.com.ar\/index.php\/wp-json\/wp\/v2\/product_brand?post=14863"},{"taxonomy":"product_cat","embeddable":true,"href":"https:\/\/todoherramientas.com.ar\/index.php\/wp-json\/wp\/v2\/product_cat?post=14863"},{"taxonomy":"product_tag","embeddable":true,"href":"https:\/\/todoherramientas.com.ar\/index.php\/wp-json\/wp\/v2\/product_tag?post=14863"}],"curies":[{"name":"wp","href":"https:\/\/api.w.org\/{rel}","templated":true}]}}