{"id":14870,"date":"2025-10-14T00:18:46","date_gmt":"2025-10-14T00:18:46","guid":{"rendered":"https:\/\/todoherramientas.com.ar\/?post_type=product&#038;p=14870"},"modified":"2026-04-04T16:00:45","modified_gmt":"2026-04-04T16:00:45","slug":"juego-de-crique-y-bocallaves","status":"publish","type":"product","link":"https:\/\/todoherramientas.com.ar\/index.php\/producto\/juego-de-crique-y-bocallaves\/","title":{"rendered":"Juego de crique y bocallaves"},"content":{"rendered":"<p>1 llave crique de 1\/4\u201d, 13 bocallaves de 1\/4\u201d: 4-4,5-5-5,5-6-7-8-9-10-11-12-13-14mm, 1 movimiento universal de 1\/4&#8243;, 2 barras de extensi\u00f3n de 1\/4\u201c: 50mm y 100mm, 1 mango giratorio de 1\/4\u201d.<\/p>\n<p>20 puntas de destornillador: PZ0-PZ1-PZ2-PZ3-T10-T15-T20-T30-H3-H4-H5-H6-SL3-SL4-SL5-SL6-PH0-PH1-PH2-PH3, 1 soporte para puntas de destornillador.<\/p>\n<p>1 barra de extensi\u00f3n flexible de 1\/4\u201d, 1 adaptador de 3 v\u00edas de 1\/4&#8243;, 4 llaves Allen: 1,5-2,0-2,5-3,0mm.<\/p>\n<p>Material de acero cromo vanadio tratado t\u00e9rmicamente. Presentaci\u00f3n en malet\u00edn\u00a0de pl\u00e1stico.<\/p>\n","protected":false},"excerpt":{"rendered":"<p>Encastre 1\/4&#8243; 45 piezas<\/p>\n","protected":false},"featured_media":14872,"template":"","meta":{"_joinchat":[]},"product_brand":[154],"product_cat":[123,121],"product_tag":[],"class_list":{"0":"post-14870","1":"product","2":"type-product","3":"status-publish","4":"has-post-thumbnail","6":"product_brand-dyllu","7":"product_cat-accesorios","8":"product_cat-bocallaves","10":"first","11":"instock","12":"taxable","13":"shipping-taxable","14":"purchasable","15":"product-type-simple"},"aioseo_notices":[],"_links":{"self":[{"href":"https:\/\/todoherramientas.com.ar\/index.php\/wp-json\/wp\/v2\/product\/14870","targetHints":{"allow":["GET"]}}],"collection":[{"href":"https:\/\/todoherramientas.com.ar\/index.php\/wp-json\/wp\/v2\/product"}],"about":[{"href":"https:\/\/todoherramientas.com.ar\/index.php\/wp-json\/wp\/v2\/types\/product"}],"version-history":[{"count":4,"href":"https:\/\/todoherramientas.com.ar\/index.php\/wp-json\/wp\/v2\/product\/14870\/revisions"}],"predecessor-version":[{"id":14894,"href":"https:\/\/todoherramientas.com.ar\/index.php\/wp-json\/wp\/v2\/product\/14870\/revisions\/14894"}],"wp:featuredmedia":[{"embeddable":true,"href":"https:\/\/todoherramientas.com.ar\/index.php\/wp-json\/wp\/v2\/media\/14872"}],"wp:attachment":[{"href":"https:\/\/todoherramientas.com.ar\/index.php\/wp-json\/wp\/v2\/media?parent=14870"}],"wp:term":[{"taxonomy":"product_brand","embeddable":true,"href":"https:\/\/todoherramientas.com.ar\/index.php\/wp-json\/wp\/v2\/product_brand?post=14870"},{"taxonomy":"product_cat","embeddable":true,"href":"https:\/\/todoherramientas.com.ar\/index.php\/wp-json\/wp\/v2\/product_cat?post=14870"},{"taxonomy":"product_tag","embeddable":true,"href":"https:\/\/todoherramientas.com.ar\/index.php\/wp-json\/wp\/v2\/product_tag?post=14870"}],"curies":[{"name":"wp","href":"https:\/\/api.w.org\/{rel}","templated":true}]}}