{"id":14875,"date":"2025-10-14T11:57:02","date_gmt":"2025-10-14T11:57:02","guid":{"rendered":"https:\/\/todoherramientas.com.ar\/?post_type=product&#038;p=14875"},"modified":"2026-04-04T16:00:45","modified_gmt":"2026-04-04T16:00:45","slug":"juego-de-crique-y-bocallaves-2","status":"publish","type":"product","link":"https:\/\/todoherramientas.com.ar\/index.php\/producto\/juego-de-crique-y-bocallaves-2\/","title":{"rendered":"Juego de crique y bocallaves"},"content":{"rendered":"<p>1 llave crique de 1\/2\u201d, 18 bocallaves de 1\/2\u201d: 10-11-12-13-14-15-16-17-18-19-20-21-22-23-24-27-30-32mm<\/p>\n<p>1 movimiento universal de 1\/2\u2033, 2 barras de extensi\u00f3n de 1\/2\u201c: 125mm y 250mm<\/p>\n<p>2 bocallaves sacabuj\u00edas de 1\/2&#8243;&#8216;: 16 y 21mm, 1 adaptador de 3 v\u00edas de 1\/2\u2033<\/p>\n<p>Material de acero cromo vanadio tratado t\u00e9rmicamente. Presentaci\u00f3n en malet\u00edn de pl\u00e1stico.<\/p>\n","protected":false},"excerpt":{"rendered":"<p>Encastre 1\/2&#8243; 25 piezas<\/p>\n","protected":false},"featured_media":14877,"template":"","meta":{"_joinchat":[]},"product_brand":[154],"product_cat":[123,121],"product_tag":[],"class_list":{"0":"post-14875","1":"product","2":"type-product","3":"status-publish","4":"has-post-thumbnail","6":"product_brand-dyllu","7":"product_cat-accesorios","8":"product_cat-bocallaves","10":"first","11":"instock","12":"taxable","13":"shipping-taxable","14":"purchasable","15":"product-type-simple"},"aioseo_notices":[],"_links":{"self":[{"href":"https:\/\/todoherramientas.com.ar\/index.php\/wp-json\/wp\/v2\/product\/14875","targetHints":{"allow":["GET"]}}],"collection":[{"href":"https:\/\/todoherramientas.com.ar\/index.php\/wp-json\/wp\/v2\/product"}],"about":[{"href":"https:\/\/todoherramientas.com.ar\/index.php\/wp-json\/wp\/v2\/types\/product"}],"version-history":[{"count":5,"href":"https:\/\/todoherramientas.com.ar\/index.php\/wp-json\/wp\/v2\/product\/14875\/revisions"}],"predecessor-version":[{"id":14895,"href":"https:\/\/todoherramientas.com.ar\/index.php\/wp-json\/wp\/v2\/product\/14875\/revisions\/14895"}],"wp:featuredmedia":[{"embeddable":true,"href":"https:\/\/todoherramientas.com.ar\/index.php\/wp-json\/wp\/v2\/media\/14877"}],"wp:attachment":[{"href":"https:\/\/todoherramientas.com.ar\/index.php\/wp-json\/wp\/v2\/media?parent=14875"}],"wp:term":[{"taxonomy":"product_brand","embeddable":true,"href":"https:\/\/todoherramientas.com.ar\/index.php\/wp-json\/wp\/v2\/product_brand?post=14875"},{"taxonomy":"product_cat","embeddable":true,"href":"https:\/\/todoherramientas.com.ar\/index.php\/wp-json\/wp\/v2\/product_cat?post=14875"},{"taxonomy":"product_tag","embeddable":true,"href":"https:\/\/todoherramientas.com.ar\/index.php\/wp-json\/wp\/v2\/product_tag?post=14875"}],"curies":[{"name":"wp","href":"https:\/\/api.w.org\/{rel}","templated":true}]}}