{"id":14935,"date":"2025-10-15T17:51:14","date_gmt":"2025-10-15T17:51:14","guid":{"rendered":"https:\/\/todoherramientas.com.ar\/?post_type=product&#038;p=14935"},"modified":"2026-04-05T01:07:49","modified_gmt":"2026-04-05T01:07:49","slug":"pelacables-automatico","status":"publish","type":"product","link":"https:\/\/todoherramientas.com.ar\/index.php\/producto\/pelacables-automatico\/","title":{"rendered":"Pelacables autom\u00e1tico"},"content":{"rendered":"<p>Pinza para pelar, cortar y crimpar cables de forma autom\u00e1tica. Mango duradero y c\u00f3modo.<\/p>\n<p>Rango de pelado de cables: 10 AWG ~ 24 AWG (0,2 ~ 6 mm\u00b2)<\/p>\n<p>Funci\u00f3n de corte: alambres de cobre y aluminio.<\/p>\n<p>Funci\u00f3n de crimpado: terminales aislados de 0,5-6 mm\u00b2 (10-22 AWG), terminales no aislados: 0,5-6 mm\u00b2 (4-22 AWG) y terminales de encendido: 7-8 mm\u00b2<\/p>\n<p>&nbsp;<\/p>\n","protected":false},"excerpt":{"rendered":"<p>8 1\/4&#8243; \/ 210 MM<\/p>\n","protected":false},"featured_media":14938,"template":"","meta":{"_joinchat":[]},"product_brand":[153],"product_cat":[115,48],"product_tag":[],"class_list":{"0":"post-14935","1":"product","2":"type-product","3":"status-publish","4":"has-post-thumbnail","6":"product_brand-total","7":"product_cat-alicates","8":"product_cat-herramientas-manuales","10":"first","11":"instock","12":"taxable","13":"shipping-taxable","14":"purchasable","15":"product-type-simple"},"aioseo_notices":[],"_links":{"self":[{"href":"https:\/\/todoherramientas.com.ar\/index.php\/wp-json\/wp\/v2\/product\/14935","targetHints":{"allow":["GET"]}}],"collection":[{"href":"https:\/\/todoherramientas.com.ar\/index.php\/wp-json\/wp\/v2\/product"}],"about":[{"href":"https:\/\/todoherramientas.com.ar\/index.php\/wp-json\/wp\/v2\/types\/product"}],"version-history":[{"count":2,"href":"https:\/\/todoherramientas.com.ar\/index.php\/wp-json\/wp\/v2\/product\/14935\/revisions"}],"predecessor-version":[{"id":14937,"href":"https:\/\/todoherramientas.com.ar\/index.php\/wp-json\/wp\/v2\/product\/14935\/revisions\/14937"}],"wp:featuredmedia":[{"embeddable":true,"href":"https:\/\/todoherramientas.com.ar\/index.php\/wp-json\/wp\/v2\/media\/14938"}],"wp:attachment":[{"href":"https:\/\/todoherramientas.com.ar\/index.php\/wp-json\/wp\/v2\/media?parent=14935"}],"wp:term":[{"taxonomy":"product_brand","embeddable":true,"href":"https:\/\/todoherramientas.com.ar\/index.php\/wp-json\/wp\/v2\/product_brand?post=14935"},{"taxonomy":"product_cat","embeddable":true,"href":"https:\/\/todoherramientas.com.ar\/index.php\/wp-json\/wp\/v2\/product_cat?post=14935"},{"taxonomy":"product_tag","embeddable":true,"href":"https:\/\/todoherramientas.com.ar\/index.php\/wp-json\/wp\/v2\/product_tag?post=14935"}],"curies":[{"name":"wp","href":"https:\/\/api.w.org\/{rel}","templated":true}]}}