{"id":14958,"date":"2025-10-15T21:25:42","date_gmt":"2025-10-15T21:25:42","guid":{"rendered":"https:\/\/todoherramientas.com.ar\/?post_type=product&#038;p=14958"},"modified":"2026-04-05T01:07:50","modified_gmt":"2026-04-05T01:07:50","slug":"rotomartillo-sds-plus","status":"publish","type":"product","link":"https:\/\/todoherramientas.com.ar\/index.php\/producto\/rotomartillo-sds-plus\/","title":{"rendered":"Rotomartillo SDS PLUS"},"content":{"rendered":"<p>Encastre: SDS PLUS.<\/p>\n<p>Velocidad: 0-950 rpm. Tasa de impacto: 0-4500 gpm<\/p>\n<p>Capacidad de perforaci\u00f3n: Concreto: 32mm, Acero: 13mm, Madera: 40mm<\/p>\n<p>Presentaci\u00f3n en malet\u00edn pl\u00e1stico. Incluye 3 mechas y 2 cinceles.<\/p>\n","protected":false},"excerpt":{"rendered":"<p>1500 W \/ 5.5 J<\/p>\n","protected":false},"featured_media":14961,"template":"","meta":{"_joinchat":[]},"product_brand":[153],"product_cat":[103,141],"product_tag":[],"class_list":{"0":"post-14958","1":"product","2":"type-product","3":"status-publish","4":"has-post-thumbnail","6":"product_brand-total","7":"product_cat-herramientas-electricas","8":"product_cat-rotomartillos","10":"first","11":"instock","12":"taxable","13":"shipping-taxable","14":"purchasable","15":"product-type-simple"},"aioseo_notices":[],"_links":{"self":[{"href":"https:\/\/todoherramientas.com.ar\/index.php\/wp-json\/wp\/v2\/product\/14958","targetHints":{"allow":["GET"]}}],"collection":[{"href":"https:\/\/todoherramientas.com.ar\/index.php\/wp-json\/wp\/v2\/product"}],"about":[{"href":"https:\/\/todoherramientas.com.ar\/index.php\/wp-json\/wp\/v2\/types\/product"}],"version-history":[{"count":3,"href":"https:\/\/todoherramientas.com.ar\/index.php\/wp-json\/wp\/v2\/product\/14958\/revisions"}],"predecessor-version":[{"id":14964,"href":"https:\/\/todoherramientas.com.ar\/index.php\/wp-json\/wp\/v2\/product\/14958\/revisions\/14964"}],"wp:featuredmedia":[{"embeddable":true,"href":"https:\/\/todoherramientas.com.ar\/index.php\/wp-json\/wp\/v2\/media\/14961"}],"wp:attachment":[{"href":"https:\/\/todoherramientas.com.ar\/index.php\/wp-json\/wp\/v2\/media?parent=14958"}],"wp:term":[{"taxonomy":"product_brand","embeddable":true,"href":"https:\/\/todoherramientas.com.ar\/index.php\/wp-json\/wp\/v2\/product_brand?post=14958"},{"taxonomy":"product_cat","embeddable":true,"href":"https:\/\/todoherramientas.com.ar\/index.php\/wp-json\/wp\/v2\/product_cat?post=14958"},{"taxonomy":"product_tag","embeddable":true,"href":"https:\/\/todoherramientas.com.ar\/index.php\/wp-json\/wp\/v2\/product_tag?post=14958"}],"curies":[{"name":"wp","href":"https:\/\/api.w.org\/{rel}","templated":true}]}}