{"id":15000,"date":"2025-10-18T12:38:56","date_gmt":"2025-10-18T12:38:56","guid":{"rendered":"https:\/\/todoherramientas.com.ar\/?post_type=product&#038;p=15000"},"modified":"2026-04-03T00:22:21","modified_gmt":"2026-04-03T00:22:21","slug":"piletas-acrilico-2","status":"publish","type":"product","link":"https:\/\/todoherramientas.com.ar\/index.php\/producto\/piletas-acrilico-2\/","title":{"rendered":"Piletas acr\u00edlico"},"content":{"rendered":"<p>Formulaci\u00f3n especial a base de pol\u00edmeros acr\u00edlicos que le otorga a la pel\u00edcula impermeabilidad, gran adherencia y flexibilidad.<\/p>\n<p>Evita la adherencia de algas, hongos, moho y suciedad.<\/p>\n<p>Resistente a los productos recomendados para el tratamiento del agua.<\/p>\n<p>Blanco y 2 colores listos para usar. Entonable con Tonalba hasta 30 cm3\/litro.<\/p>\n<p style=\"font-weight: 400;\">\n","protected":false},"excerpt":{"rendered":"<p>Celeste profundo 4 LTS<\/p>\n","protected":false},"featured_media":9675,"template":"","meta":{"_joinchat":[]},"product_brand":[156],"product_cat":[131,129],"product_tag":[],"class_list":{"0":"post-15000","1":"product","2":"type-product","3":"status-publish","4":"has-post-thumbnail","6":"product_brand-alba","7":"product_cat-exterior","8":"product_cat-pinturas","10":"first","11":"instock","12":"taxable","13":"shipping-taxable","14":"purchasable","15":"product-type-simple"},"aioseo_notices":[],"_links":{"self":[{"href":"https:\/\/todoherramientas.com.ar\/index.php\/wp-json\/wp\/v2\/product\/15000","targetHints":{"allow":["GET"]}}],"collection":[{"href":"https:\/\/todoherramientas.com.ar\/index.php\/wp-json\/wp\/v2\/product"}],"about":[{"href":"https:\/\/todoherramientas.com.ar\/index.php\/wp-json\/wp\/v2\/types\/product"}],"version-history":[{"count":1,"href":"https:\/\/todoherramientas.com.ar\/index.php\/wp-json\/wp\/v2\/product\/15000\/revisions"}],"predecessor-version":[{"id":15001,"href":"https:\/\/todoherramientas.com.ar\/index.php\/wp-json\/wp\/v2\/product\/15000\/revisions\/15001"}],"wp:featuredmedia":[{"embeddable":true,"href":"https:\/\/todoherramientas.com.ar\/index.php\/wp-json\/wp\/v2\/media\/9675"}],"wp:attachment":[{"href":"https:\/\/todoherramientas.com.ar\/index.php\/wp-json\/wp\/v2\/media?parent=15000"}],"wp:term":[{"taxonomy":"product_brand","embeddable":true,"href":"https:\/\/todoherramientas.com.ar\/index.php\/wp-json\/wp\/v2\/product_brand?post=15000"},{"taxonomy":"product_cat","embeddable":true,"href":"https:\/\/todoherramientas.com.ar\/index.php\/wp-json\/wp\/v2\/product_cat?post=15000"},{"taxonomy":"product_tag","embeddable":true,"href":"https:\/\/todoherramientas.com.ar\/index.php\/wp-json\/wp\/v2\/product_tag?post=15000"}],"curies":[{"name":"wp","href":"https:\/\/api.w.org\/{rel}","templated":true}]}}