{"id":15008,"date":"2025-11-03T14:32:53","date_gmt":"2025-11-03T14:32:53","guid":{"rendered":"https:\/\/todoherramientas.com.ar\/?post_type=product&#038;p=15008"},"modified":"2026-04-04T16:00:44","modified_gmt":"2026-04-04T16:00:44","slug":"aspiradora-electrica","status":"publish","type":"product","link":"https:\/\/todoherramientas.com.ar\/index.php\/producto\/aspiradora-electrica\/","title":{"rendered":"Aspiradora el\u00e9ctrica"},"content":{"rendered":"<p>Presi\u00f3n de vac\u00edo: 17KPa<\/p>\n<p>Con funci\u00f3n de soplado.<\/p>\n<p>Incluye: 1 manguera de succi\u00f3n de 1,5 mts, 1 filtro de tela, 1 filtro de espuma, 1 boquilla delgada 2 en 1 y 1 boquilla ancha.<\/p>\n<p>Di\u00e1metro de la manguera de succi\u00f3n: 32mm. Longitud del cable de alimentaci\u00f3n: 2mts.<\/p>\n","protected":false},"excerpt":{"rendered":"<p>1000 W \/ 10 LTS<\/p>\n","protected":false},"featured_media":15013,"template":"","meta":{"_joinchat":[]},"product_brand":[154],"product_cat":[103],"product_tag":[],"class_list":{"0":"post-15008","1":"product","2":"type-product","3":"status-publish","4":"has-post-thumbnail","6":"product_brand-dyllu","7":"product_cat-herramientas-electricas","9":"first","10":"instock","11":"taxable","12":"shipping-taxable","13":"purchasable","14":"product-type-simple"},"aioseo_notices":[],"_links":{"self":[{"href":"https:\/\/todoherramientas.com.ar\/index.php\/wp-json\/wp\/v2\/product\/15008","targetHints":{"allow":["GET"]}}],"collection":[{"href":"https:\/\/todoherramientas.com.ar\/index.php\/wp-json\/wp\/v2\/product"}],"about":[{"href":"https:\/\/todoherramientas.com.ar\/index.php\/wp-json\/wp\/v2\/types\/product"}],"version-history":[{"count":4,"href":"https:\/\/todoherramientas.com.ar\/index.php\/wp-json\/wp\/v2\/product\/15008\/revisions"}],"predecessor-version":[{"id":15023,"href":"https:\/\/todoherramientas.com.ar\/index.php\/wp-json\/wp\/v2\/product\/15008\/revisions\/15023"}],"wp:featuredmedia":[{"embeddable":true,"href":"https:\/\/todoherramientas.com.ar\/index.php\/wp-json\/wp\/v2\/media\/15013"}],"wp:attachment":[{"href":"https:\/\/todoherramientas.com.ar\/index.php\/wp-json\/wp\/v2\/media?parent=15008"}],"wp:term":[{"taxonomy":"product_brand","embeddable":true,"href":"https:\/\/todoherramientas.com.ar\/index.php\/wp-json\/wp\/v2\/product_brand?post=15008"},{"taxonomy":"product_cat","embeddable":true,"href":"https:\/\/todoherramientas.com.ar\/index.php\/wp-json\/wp\/v2\/product_cat?post=15008"},{"taxonomy":"product_tag","embeddable":true,"href":"https:\/\/todoherramientas.com.ar\/index.php\/wp-json\/wp\/v2\/product_tag?post=15008"}],"curies":[{"name":"wp","href":"https:\/\/api.w.org\/{rel}","templated":true}]}}