{"id":15115,"date":"2025-11-09T12:50:57","date_gmt":"2025-11-09T12:50:57","guid":{"rendered":"https:\/\/todoherramientas.com.ar\/?post_type=product&#038;p=15115"},"modified":"2026-04-05T18:35:51","modified_gmt":"2026-04-05T18:35:51","slug":"cinta-de-enmascarar","status":"publish","type":"product","link":"https:\/\/todoherramientas.com.ar\/index.php\/producto\/cinta-de-enmascarar\/","title":{"rendered":"Cinta de pintor para enmascarar"},"content":{"rendered":"<p dir=\"ltr\">Adherencia media\/alta.<\/p>\n<p dir=\"ltr\">Espec\u00edfica para trabajos gen\u00e9ricos de pintura y decoraci\u00f3n.<\/p>\n<p dir=\"ltr\">Es una cinta crepp muy vers\u00e1til, tanto en actividades profesionales como en trabajos de bricolaje en interiores.<\/p>\n<p dir=\"ltr\">Espesor: 105 \u00b5<\/p>\n","protected":false},"excerpt":{"rendered":"<p>18 MM x 40 MTS<\/p>\n","protected":false},"featured_media":15140,"template":"","meta":{"_joinchat":[]},"product_brand":[152],"product_cat":[135,129],"product_tag":[],"class_list":{"0":"post-15115","1":"product","2":"type-product","3":"status-publish","4":"has-post-thumbnail","6":"product_brand-mota","7":"product_cat-complementos-accesorios","8":"product_cat-pinturas","10":"first","11":"instock","12":"taxable","13":"shipping-taxable","14":"purchasable","15":"product-type-simple"},"aioseo_notices":[],"_links":{"self":[{"href":"https:\/\/todoherramientas.com.ar\/index.php\/wp-json\/wp\/v2\/product\/15115","targetHints":{"allow":["GET"]}}],"collection":[{"href":"https:\/\/todoherramientas.com.ar\/index.php\/wp-json\/wp\/v2\/product"}],"about":[{"href":"https:\/\/todoherramientas.com.ar\/index.php\/wp-json\/wp\/v2\/types\/product"}],"version-history":[{"count":3,"href":"https:\/\/todoherramientas.com.ar\/index.php\/wp-json\/wp\/v2\/product\/15115\/revisions"}],"predecessor-version":[{"id":15118,"href":"https:\/\/todoherramientas.com.ar\/index.php\/wp-json\/wp\/v2\/product\/15115\/revisions\/15118"}],"wp:featuredmedia":[{"embeddable":true,"href":"https:\/\/todoherramientas.com.ar\/index.php\/wp-json\/wp\/v2\/media\/15140"}],"wp:attachment":[{"href":"https:\/\/todoherramientas.com.ar\/index.php\/wp-json\/wp\/v2\/media?parent=15115"}],"wp:term":[{"taxonomy":"product_brand","embeddable":true,"href":"https:\/\/todoherramientas.com.ar\/index.php\/wp-json\/wp\/v2\/product_brand?post=15115"},{"taxonomy":"product_cat","embeddable":true,"href":"https:\/\/todoherramientas.com.ar\/index.php\/wp-json\/wp\/v2\/product_cat?post=15115"},{"taxonomy":"product_tag","embeddable":true,"href":"https:\/\/todoherramientas.com.ar\/index.php\/wp-json\/wp\/v2\/product_tag?post=15115"}],"curies":[{"name":"wp","href":"https:\/\/api.w.org\/{rel}","templated":true}]}}