{"id":15125,"date":"2025-11-09T14:19:10","date_gmt":"2025-11-09T14:19:10","guid":{"rendered":"https:\/\/todoherramientas.com.ar\/?post_type=product&#038;p=15125"},"modified":"2026-04-05T17:52:56","modified_gmt":"2026-04-05T17:52:56","slug":"cinta-de-embalaje-transparente","status":"publish","type":"product","link":"https:\/\/todoherramientas.com.ar\/index.php\/producto\/cinta-de-embalaje-transparente\/","title":{"rendered":"Cinta de embalaje transparente"},"content":{"rendered":"<p dir=\"ltr\">Cinta adhesiva de l\u00e1mina de polipropileno y adhesivo acr\u00edlico a base de agua.<\/p>\n<p dir=\"ltr\">De f\u00e1cil aplicaci\u00f3n, es ideal para el cerrado de cajas de cart\u00f3n y materiales pl\u00e1sticos.<\/p>\n<p dir=\"ltr\">Se adhiere de manera instant\u00e1nea y consistente a m\u00faltiples superficies, incluso en cajas que contienen altos niveles de contenido reciclado.<\/p>\n<p dir=\"ltr\">Espesor: 25 \u00b5<\/p>\n","protected":false},"excerpt":{"rendered":"<p>48 MM x 50 MTS<\/p>\n","protected":false},"featured_media":15128,"template":"","meta":{"_joinchat":[]},"product_brand":[152],"product_cat":[105],"product_tag":[],"class_list":{"0":"post-15125","1":"product","2":"type-product","3":"status-publish","4":"has-post-thumbnail","6":"product_brand-mota","7":"product_cat-insumos-herramientas","9":"first","10":"instock","11":"taxable","12":"shipping-taxable","13":"purchasable","14":"product-type-simple"},"aioseo_notices":[],"_links":{"self":[{"href":"https:\/\/todoherramientas.com.ar\/index.php\/wp-json\/wp\/v2\/product\/15125","targetHints":{"allow":["GET"]}}],"collection":[{"href":"https:\/\/todoherramientas.com.ar\/index.php\/wp-json\/wp\/v2\/product"}],"about":[{"href":"https:\/\/todoherramientas.com.ar\/index.php\/wp-json\/wp\/v2\/types\/product"}],"version-history":[{"count":3,"href":"https:\/\/todoherramientas.com.ar\/index.php\/wp-json\/wp\/v2\/product\/15125\/revisions"}],"predecessor-version":[{"id":15130,"href":"https:\/\/todoherramientas.com.ar\/index.php\/wp-json\/wp\/v2\/product\/15125\/revisions\/15130"}],"wp:featuredmedia":[{"embeddable":true,"href":"https:\/\/todoherramientas.com.ar\/index.php\/wp-json\/wp\/v2\/media\/15128"}],"wp:attachment":[{"href":"https:\/\/todoherramientas.com.ar\/index.php\/wp-json\/wp\/v2\/media?parent=15125"}],"wp:term":[{"taxonomy":"product_brand","embeddable":true,"href":"https:\/\/todoherramientas.com.ar\/index.php\/wp-json\/wp\/v2\/product_brand?post=15125"},{"taxonomy":"product_cat","embeddable":true,"href":"https:\/\/todoherramientas.com.ar\/index.php\/wp-json\/wp\/v2\/product_cat?post=15125"},{"taxonomy":"product_tag","embeddable":true,"href":"https:\/\/todoherramientas.com.ar\/index.php\/wp-json\/wp\/v2\/product_tag?post=15125"}],"curies":[{"name":"wp","href":"https:\/\/api.w.org\/{rel}","templated":true}]}}