{"id":15152,"date":"2025-11-10T00:02:38","date_gmt":"2025-11-10T00:02:38","guid":{"rendered":"https:\/\/todoherramientas.com.ar\/?post_type=product&#038;p=15152"},"modified":"2026-04-05T17:53:00","modified_gmt":"2026-04-05T17:53:00","slug":"juego-de-llaves-combinadas-milimetricas","status":"publish","type":"product","link":"https:\/\/todoherramientas.com.ar\/index.php\/producto\/juego-de-llaves-combinadas-milimetricas\/","title":{"rendered":"Juego de llaves combinadas milim\u00e9tricas"},"content":{"rendered":"<p>Medidas calibradas: 8, 10, 11, 13, 14, 17 mm<\/p>\n<p>Dise\u00f1o ergon\u00f3mico con curvatura sobre el anillo que permite el acceso a lugares dif\u00edciles.<\/p>\n<p>Forjada en acero cromo vanadio.<\/p>\n<p>Terminaci\u00f3n satinada anticorrosi\u00f3n.<\/p>\n<p>&nbsp;<\/p>\n","protected":false},"excerpt":{"rendered":"<p>6 llaves<\/p>\n","protected":false},"featured_media":15147,"template":"","meta":{"_joinchat":[]},"product_brand":[152],"product_cat":[114,48],"product_tag":[],"class_list":{"0":"post-15152","1":"product","2":"type-product","3":"status-publish","4":"has-post-thumbnail","6":"product_brand-mota","7":"product_cat-llaves","8":"product_cat-herramientas-manuales","10":"first","11":"instock","12":"taxable","13":"shipping-taxable","14":"purchasable","15":"product-type-simple"},"aioseo_notices":[],"_links":{"self":[{"href":"https:\/\/todoherramientas.com.ar\/index.php\/wp-json\/wp\/v2\/product\/15152","targetHints":{"allow":["GET"]}}],"collection":[{"href":"https:\/\/todoherramientas.com.ar\/index.php\/wp-json\/wp\/v2\/product"}],"about":[{"href":"https:\/\/todoherramientas.com.ar\/index.php\/wp-json\/wp\/v2\/types\/product"}],"version-history":[{"count":1,"href":"https:\/\/todoherramientas.com.ar\/index.php\/wp-json\/wp\/v2\/product\/15152\/revisions"}],"predecessor-version":[{"id":15153,"href":"https:\/\/todoherramientas.com.ar\/index.php\/wp-json\/wp\/v2\/product\/15152\/revisions\/15153"}],"wp:featuredmedia":[{"embeddable":true,"href":"https:\/\/todoherramientas.com.ar\/index.php\/wp-json\/wp\/v2\/media\/15147"}],"wp:attachment":[{"href":"https:\/\/todoherramientas.com.ar\/index.php\/wp-json\/wp\/v2\/media?parent=15152"}],"wp:term":[{"taxonomy":"product_brand","embeddable":true,"href":"https:\/\/todoherramientas.com.ar\/index.php\/wp-json\/wp\/v2\/product_brand?post=15152"},{"taxonomy":"product_cat","embeddable":true,"href":"https:\/\/todoherramientas.com.ar\/index.php\/wp-json\/wp\/v2\/product_cat?post=15152"},{"taxonomy":"product_tag","embeddable":true,"href":"https:\/\/todoherramientas.com.ar\/index.php\/wp-json\/wp\/v2\/product_tag?post=15152"}],"curies":[{"name":"wp","href":"https:\/\/api.w.org\/{rel}","templated":true}]}}