{"id":15154,"date":"2025-11-10T00:07:48","date_gmt":"2025-11-10T00:07:48","guid":{"rendered":"https:\/\/todoherramientas.com.ar\/?post_type=product&#038;p=15154"},"modified":"2026-04-05T17:53:00","modified_gmt":"2026-04-05T17:53:00","slug":"juego-de-llaves-combinadas-milimetricas-2","status":"publish","type":"product","link":"https:\/\/todoherramientas.com.ar\/index.php\/producto\/juego-de-llaves-combinadas-milimetricas-2\/","title":{"rendered":"Juego de llaves combinadas milim\u00e9tricas"},"content":{"rendered":"<p>Medidas calibradas: 6, 7, 8, 9, 10, 11, 12, 13, 14, 15, 17, 19 mm<\/p>\n<p>Dise\u00f1o ergon\u00f3mico con curvatura sobre el anillo que permite el acceso a lugares dif\u00edciles.<\/p>\n<p>Forjada en acero cromo vanadio.<\/p>\n<p>Terminaci\u00f3n satinada anticorrosi\u00f3n.<\/p>\n<p>&nbsp;<\/p>\n","protected":false},"excerpt":{"rendered":"<p>12 llaves<\/p>\n","protected":false},"featured_media":15148,"template":"","meta":{"_joinchat":[]},"product_brand":[152],"product_cat":[114,48],"product_tag":[],"class_list":{"0":"post-15154","1":"product","2":"type-product","3":"status-publish","4":"has-post-thumbnail","6":"product_brand-mota","7":"product_cat-llaves","8":"product_cat-herramientas-manuales","10":"first","11":"instock","12":"taxable","13":"shipping-taxable","14":"purchasable","15":"product-type-simple"},"aioseo_notices":[],"_links":{"self":[{"href":"https:\/\/todoherramientas.com.ar\/index.php\/wp-json\/wp\/v2\/product\/15154","targetHints":{"allow":["GET"]}}],"collection":[{"href":"https:\/\/todoherramientas.com.ar\/index.php\/wp-json\/wp\/v2\/product"}],"about":[{"href":"https:\/\/todoherramientas.com.ar\/index.php\/wp-json\/wp\/v2\/types\/product"}],"version-history":[{"count":2,"href":"https:\/\/todoherramientas.com.ar\/index.php\/wp-json\/wp\/v2\/product\/15154\/revisions"}],"predecessor-version":[{"id":15173,"href":"https:\/\/todoherramientas.com.ar\/index.php\/wp-json\/wp\/v2\/product\/15154\/revisions\/15173"}],"wp:featuredmedia":[{"embeddable":true,"href":"https:\/\/todoherramientas.com.ar\/index.php\/wp-json\/wp\/v2\/media\/15148"}],"wp:attachment":[{"href":"https:\/\/todoherramientas.com.ar\/index.php\/wp-json\/wp\/v2\/media?parent=15154"}],"wp:term":[{"taxonomy":"product_brand","embeddable":true,"href":"https:\/\/todoherramientas.com.ar\/index.php\/wp-json\/wp\/v2\/product_brand?post=15154"},{"taxonomy":"product_cat","embeddable":true,"href":"https:\/\/todoherramientas.com.ar\/index.php\/wp-json\/wp\/v2\/product_cat?post=15154"},{"taxonomy":"product_tag","embeddable":true,"href":"https:\/\/todoherramientas.com.ar\/index.php\/wp-json\/wp\/v2\/product_tag?post=15154"}],"curies":[{"name":"wp","href":"https:\/\/api.w.org\/{rel}","templated":true}]}}