{"id":15264,"date":"2025-11-11T12:11:34","date_gmt":"2025-11-11T12:11:34","guid":{"rendered":"https:\/\/todoherramientas.com.ar\/?post_type=product&#038;p=15264"},"modified":"2026-04-05T17:53:17","modified_gmt":"2026-04-05T17:53:17","slug":"tijera-multiuso","status":"publish","type":"product","link":"https:\/\/todoherramientas.com.ar\/index.php\/producto\/tijera-multiuso\/","title":{"rendered":"Tijera multiuso"},"content":{"rendered":"<p dir=\"ltr\">Dise\u00f1o ergon\u00f3mico y hoja de acero inoxidable microdentada.<\/p>\n<p dir=\"ltr\">Perfecta para cortar con precisi\u00f3n una variedad de materiales, incluyendo telas, papel, cart\u00f3n y pl\u00e1stico.<\/p>\n<p dir=\"ltr\">Su tipo de corte recto y forma de punta recta la hacen ideal para trabajos detallados.<\/p>\n<p dir=\"ltr\">Di\u00e1metro m\u00e1ximo de corte: 2 mm. Presentaci\u00f3n en EcoMotaPack.<\/p>\n","protected":false},"excerpt":{"rendered":"<p>190 MM<\/p>\n","protected":false},"featured_media":15247,"template":"","meta":{"_joinchat":[]},"product_brand":[152],"product_cat":[48],"product_tag":[],"class_list":{"0":"post-15264","1":"product","2":"type-product","3":"status-publish","4":"has-post-thumbnail","6":"product_brand-mota","7":"product_cat-herramientas-manuales","9":"first","10":"instock","11":"taxable","12":"shipping-taxable","13":"purchasable","14":"product-type-simple"},"aioseo_notices":[],"_links":{"self":[{"href":"https:\/\/todoherramientas.com.ar\/index.php\/wp-json\/wp\/v2\/product\/15264","targetHints":{"allow":["GET"]}}],"collection":[{"href":"https:\/\/todoherramientas.com.ar\/index.php\/wp-json\/wp\/v2\/product"}],"about":[{"href":"https:\/\/todoherramientas.com.ar\/index.php\/wp-json\/wp\/v2\/types\/product"}],"version-history":[{"count":3,"href":"https:\/\/todoherramientas.com.ar\/index.php\/wp-json\/wp\/v2\/product\/15264\/revisions"}],"predecessor-version":[{"id":15281,"href":"https:\/\/todoherramientas.com.ar\/index.php\/wp-json\/wp\/v2\/product\/15264\/revisions\/15281"}],"wp:featuredmedia":[{"embeddable":true,"href":"https:\/\/todoherramientas.com.ar\/index.php\/wp-json\/wp\/v2\/media\/15247"}],"wp:attachment":[{"href":"https:\/\/todoherramientas.com.ar\/index.php\/wp-json\/wp\/v2\/media?parent=15264"}],"wp:term":[{"taxonomy":"product_brand","embeddable":true,"href":"https:\/\/todoherramientas.com.ar\/index.php\/wp-json\/wp\/v2\/product_brand?post=15264"},{"taxonomy":"product_cat","embeddable":true,"href":"https:\/\/todoherramientas.com.ar\/index.php\/wp-json\/wp\/v2\/product_cat?post=15264"},{"taxonomy":"product_tag","embeddable":true,"href":"https:\/\/todoherramientas.com.ar\/index.php\/wp-json\/wp\/v2\/product_tag?post=15264"}],"curies":[{"name":"wp","href":"https:\/\/api.w.org\/{rel}","templated":true}]}}