{"id":15343,"date":"2025-11-15T14:24:48","date_gmt":"2025-11-15T14:24:48","guid":{"rendered":"https:\/\/todoherramientas.com.ar\/?post_type=product&#038;p=15343"},"modified":"2026-04-04T16:00:45","modified_gmt":"2026-04-04T16:00:45","slug":"minitorno-2","status":"publish","type":"product","link":"https:\/\/todoherramientas.com.ar\/index.php\/producto\/minitorno-2\/","title":{"rendered":"Minitorno"},"content":{"rendered":"<p>Velocidad variable: 8000-35000rpm. Tama\u00f1o de cuello: 3.2mm<\/p>\n<p>Incluye eje flexible, 52 accesorios para usos varios, malet\u00edn pl\u00e1stico y manual de uso.<\/p>\n<p>Se utiliza para cortar, lijar, limpiar, pulir, esculpir, grabar, esmerilar, afilar, fresar y perforar.<\/p>\n<p>Se aplica en vidrio, fibra de vidrio, madera, metal, pl\u00e1stico, cer\u00e1mica, azulejo, Drywall y cart\u00f3n.<\/p>\n","protected":false},"excerpt":{"rendered":"<p>130 W<\/p>\n","protected":false},"featured_media":15341,"template":"","meta":{"_joinchat":[]},"product_brand":[154],"product_cat":[103],"product_tag":[],"class_list":{"0":"post-15343","1":"product","2":"type-product","3":"status-publish","4":"has-post-thumbnail","6":"product_brand-dyllu","7":"product_cat-herramientas-electricas","9":"first","10":"instock","11":"taxable","12":"shipping-taxable","13":"purchasable","14":"product-type-simple"},"aioseo_notices":[],"_links":{"self":[{"href":"https:\/\/todoherramientas.com.ar\/index.php\/wp-json\/wp\/v2\/product\/15343","targetHints":{"allow":["GET"]}}],"collection":[{"href":"https:\/\/todoherramientas.com.ar\/index.php\/wp-json\/wp\/v2\/product"}],"about":[{"href":"https:\/\/todoherramientas.com.ar\/index.php\/wp-json\/wp\/v2\/types\/product"}],"version-history":[{"count":1,"href":"https:\/\/todoherramientas.com.ar\/index.php\/wp-json\/wp\/v2\/product\/15343\/revisions"}],"predecessor-version":[{"id":15344,"href":"https:\/\/todoherramientas.com.ar\/index.php\/wp-json\/wp\/v2\/product\/15343\/revisions\/15344"}],"wp:featuredmedia":[{"embeddable":true,"href":"https:\/\/todoherramientas.com.ar\/index.php\/wp-json\/wp\/v2\/media\/15341"}],"wp:attachment":[{"href":"https:\/\/todoherramientas.com.ar\/index.php\/wp-json\/wp\/v2\/media?parent=15343"}],"wp:term":[{"taxonomy":"product_brand","embeddable":true,"href":"https:\/\/todoherramientas.com.ar\/index.php\/wp-json\/wp\/v2\/product_brand?post=15343"},{"taxonomy":"product_cat","embeddable":true,"href":"https:\/\/todoherramientas.com.ar\/index.php\/wp-json\/wp\/v2\/product_cat?post=15343"},{"taxonomy":"product_tag","embeddable":true,"href":"https:\/\/todoherramientas.com.ar\/index.php\/wp-json\/wp\/v2\/product_tag?post=15343"}],"curies":[{"name":"wp","href":"https:\/\/api.w.org\/{rel}","templated":true}]}}