{"id":15345,"date":"2025-11-15T14:55:59","date_gmt":"2025-11-15T14:55:59","guid":{"rendered":"https:\/\/todoherramientas.com.ar\/?post_type=product&#038;p=15345"},"modified":"2026-04-04T16:00:44","modified_gmt":"2026-04-04T16:00:44","slug":"atornillador-inalambrico-de-impacto-1-4-brushless","status":"publish","type":"product","link":"https:\/\/todoherramientas.com.ar\/index.php\/producto\/atornillador-inalambrico-de-impacto-1-4-brushless\/","title":{"rendered":"Atornillador inal\u00e1mbrico de impacto 1\/4&#8243; Brushless"},"content":{"rendered":"<p>Velocidad sin carga: 0-1300\/0-2300 rpm.<\/p>\n<p>Tasa de impacto: 0-2000\/0-3300 gpm.<\/p>\n<p>Motor Brushless (sin carbones). Luz led integrada e indicador led de bater\u00eda.<\/p>\n<p>Presentaci\u00f3n en malet\u00edn pl\u00e1stico que incluye 1 punta doble de atornillador, 3 vasos hexagonales, 2 bater\u00edas de 1.5A y un cargador de 2A.<\/p>\n","protected":false},"excerpt":{"rendered":"<p>170 NM \/ 20 V<\/p>\n","protected":false},"featured_media":15707,"template":"","meta":{"_joinchat":[]},"product_brand":[154],"product_cat":[160,103],"product_tag":[],"class_list":{"0":"post-15345","1":"product","2":"type-product","3":"status-publish","4":"has-post-thumbnail","6":"product_brand-dyllu","7":"product_cat-a-bateria","8":"product_cat-herramientas-electricas","10":"first","11":"instock","12":"taxable","13":"shipping-taxable","14":"purchasable","15":"product-type-simple"},"aioseo_notices":[],"_links":{"self":[{"href":"https:\/\/todoherramientas.com.ar\/index.php\/wp-json\/wp\/v2\/product\/15345","targetHints":{"allow":["GET"]}}],"collection":[{"href":"https:\/\/todoherramientas.com.ar\/index.php\/wp-json\/wp\/v2\/product"}],"about":[{"href":"https:\/\/todoherramientas.com.ar\/index.php\/wp-json\/wp\/v2\/types\/product"}],"version-history":[{"count":6,"href":"https:\/\/todoherramientas.com.ar\/index.php\/wp-json\/wp\/v2\/product\/15345\/revisions"}],"predecessor-version":[{"id":15651,"href":"https:\/\/todoherramientas.com.ar\/index.php\/wp-json\/wp\/v2\/product\/15345\/revisions\/15651"}],"wp:featuredmedia":[{"embeddable":true,"href":"https:\/\/todoherramientas.com.ar\/index.php\/wp-json\/wp\/v2\/media\/15707"}],"wp:attachment":[{"href":"https:\/\/todoherramientas.com.ar\/index.php\/wp-json\/wp\/v2\/media?parent=15345"}],"wp:term":[{"taxonomy":"product_brand","embeddable":true,"href":"https:\/\/todoherramientas.com.ar\/index.php\/wp-json\/wp\/v2\/product_brand?post=15345"},{"taxonomy":"product_cat","embeddable":true,"href":"https:\/\/todoherramientas.com.ar\/index.php\/wp-json\/wp\/v2\/product_cat?post=15345"},{"taxonomy":"product_tag","embeddable":true,"href":"https:\/\/todoherramientas.com.ar\/index.php\/wp-json\/wp\/v2\/product_tag?post=15345"}],"curies":[{"name":"wp","href":"https:\/\/api.w.org\/{rel}","templated":true}]}}