{"id":15421,"date":"2025-12-03T13:23:24","date_gmt":"2025-12-03T13:23:24","guid":{"rendered":"https:\/\/todoherramientas.com.ar\/?post_type=product&#038;p=15421"},"modified":"2026-04-03T13:31:11","modified_gmt":"2026-04-03T13:31:11","slug":"cetol-deck-plus-satinado","status":"publish","type":"product","link":"https:\/\/todoherramientas.com.ar\/index.php\/producto\/cetol-deck-plus-satinado\/","title":{"rendered":"Cetol Deck Plus Satinado"},"content":{"rendered":"<p>Cetol Deck Plus asegura una excelente conservaci\u00f3n de las propiedades naturales de la madera, con bajo costo de mantenimiento porque NO SE DESCASCARA, AMPOLLA NI CUARTEA.<\/p>\n<p>Su exclusiva formulaci\u00f3n permite que penetre profundamente en la madera y que sus aditivos especiales repelan el agua de lluvia, sin impedir que la madera respire su propia humedad, evitando as\u00ed la formaci\u00f3n de hongos.<\/p>\n<p>Sus filtros UV potenciados le brindan extra-protecci\u00f3n contra la degradaci\u00f3n ocasionada por la radiaci\u00f3n ultravioleta, una de las principales fuentes de destrucci\u00f3n de la madera.<\/p>\n<p>Recubrimiento especial de alto desempe\u00f1o y durabilidad para maderas exteriores. Elevada dureza y resistencia al tr\u00e1nsito.<\/p>\n","protected":false},"excerpt":{"rendered":"<p>Natural 1 LT<\/p>\n","protected":false},"featured_media":9860,"template":"","meta":{"_joinchat":[]},"product_brand":[157],"product_cat":[122,129],"product_tag":[],"class_list":{"0":"post-15421","1":"product","2":"type-product","3":"status-publish","4":"has-post-thumbnail","6":"product_brand-cetol","7":"product_cat-impregnantes","8":"product_cat-pinturas","10":"first","11":"instock","12":"taxable","13":"shipping-taxable","14":"purchasable","15":"product-type-simple"},"aioseo_notices":[],"_links":{"self":[{"href":"https:\/\/todoherramientas.com.ar\/index.php\/wp-json\/wp\/v2\/product\/15421","targetHints":{"allow":["GET"]}}],"collection":[{"href":"https:\/\/todoherramientas.com.ar\/index.php\/wp-json\/wp\/v2\/product"}],"about":[{"href":"https:\/\/todoherramientas.com.ar\/index.php\/wp-json\/wp\/v2\/types\/product"}],"version-history":[{"count":1,"href":"https:\/\/todoherramientas.com.ar\/index.php\/wp-json\/wp\/v2\/product\/15421\/revisions"}],"predecessor-version":[{"id":15422,"href":"https:\/\/todoherramientas.com.ar\/index.php\/wp-json\/wp\/v2\/product\/15421\/revisions\/15422"}],"wp:featuredmedia":[{"embeddable":true,"href":"https:\/\/todoherramientas.com.ar\/index.php\/wp-json\/wp\/v2\/media\/9860"}],"wp:attachment":[{"href":"https:\/\/todoherramientas.com.ar\/index.php\/wp-json\/wp\/v2\/media?parent=15421"}],"wp:term":[{"taxonomy":"product_brand","embeddable":true,"href":"https:\/\/todoherramientas.com.ar\/index.php\/wp-json\/wp\/v2\/product_brand?post=15421"},{"taxonomy":"product_cat","embeddable":true,"href":"https:\/\/todoherramientas.com.ar\/index.php\/wp-json\/wp\/v2\/product_cat?post=15421"},{"taxonomy":"product_tag","embeddable":true,"href":"https:\/\/todoherramientas.com.ar\/index.php\/wp-json\/wp\/v2\/product_tag?post=15421"}],"curies":[{"name":"wp","href":"https:\/\/api.w.org\/{rel}","templated":true}]}}