{"id":15429,"date":"2025-12-03T19:27:51","date_gmt":"2025-12-03T19:27:51","guid":{"rendered":"https:\/\/todoherramientas.com.ar\/?post_type=product&#038;p=15429"},"modified":"2026-04-03T13:31:11","modified_gmt":"2026-04-03T13:31:11","slug":"cetol-parquet","status":"publish","type":"product","link":"https:\/\/todoherramientas.com.ar\/index.php\/producto\/cetol-parquet\/","title":{"rendered":"Cetol Parquet"},"content":{"rendered":"<p>Protector el\u00e1stico microporoso de impecable acabado transparente y de extraordinaria resistencia, desarrollado para el laqueado de pisos de madera en interiores.<\/p>\n<p>Ideal para el tratamiento y decoraci\u00f3n de pisos de madera y otras \u00e1reas interiores donde se requiera un alto grado de durabilidad (mesadas de cocina, mesas, sillas y estanter\u00edas).<\/p>\n<p>Es un producto que posee especiales caracter\u00edsticas de m\u00e1xima resistencia al desgaste, al rayado y a los productos de limpieza m\u00e1s usuales.<\/p>\n<p>Su f\u00f3rmula balanceada con filtro UV reduce el amarilleo, manteniendo inalterable la belleza de la madera.<\/p>\n<p>&nbsp;<\/p>\n","protected":false},"excerpt":{"rendered":"<p>Satinado 1 LT<\/p>\n","protected":false},"featured_media":13012,"template":"","meta":{"_joinchat":[]},"product_brand":[157],"product_cat":[122,129],"product_tag":[],"class_list":{"0":"post-15429","1":"product","2":"type-product","3":"status-publish","4":"has-post-thumbnail","6":"product_brand-cetol","7":"product_cat-impregnantes","8":"product_cat-pinturas","10":"first","11":"instock","12":"taxable","13":"shipping-taxable","14":"purchasable","15":"product-type-simple"},"aioseo_notices":[],"_links":{"self":[{"href":"https:\/\/todoherramientas.com.ar\/index.php\/wp-json\/wp\/v2\/product\/15429","targetHints":{"allow":["GET"]}}],"collection":[{"href":"https:\/\/todoherramientas.com.ar\/index.php\/wp-json\/wp\/v2\/product"}],"about":[{"href":"https:\/\/todoherramientas.com.ar\/index.php\/wp-json\/wp\/v2\/types\/product"}],"version-history":[{"count":1,"href":"https:\/\/todoherramientas.com.ar\/index.php\/wp-json\/wp\/v2\/product\/15429\/revisions"}],"predecessor-version":[{"id":15430,"href":"https:\/\/todoherramientas.com.ar\/index.php\/wp-json\/wp\/v2\/product\/15429\/revisions\/15430"}],"wp:featuredmedia":[{"embeddable":true,"href":"https:\/\/todoherramientas.com.ar\/index.php\/wp-json\/wp\/v2\/media\/13012"}],"wp:attachment":[{"href":"https:\/\/todoherramientas.com.ar\/index.php\/wp-json\/wp\/v2\/media?parent=15429"}],"wp:term":[{"taxonomy":"product_brand","embeddable":true,"href":"https:\/\/todoherramientas.com.ar\/index.php\/wp-json\/wp\/v2\/product_brand?post=15429"},{"taxonomy":"product_cat","embeddable":true,"href":"https:\/\/todoherramientas.com.ar\/index.php\/wp-json\/wp\/v2\/product_cat?post=15429"},{"taxonomy":"product_tag","embeddable":true,"href":"https:\/\/todoherramientas.com.ar\/index.php\/wp-json\/wp\/v2\/product_tag?post=15429"}],"curies":[{"name":"wp","href":"https:\/\/api.w.org\/{rel}","templated":true}]}}