{"id":15520,"date":"2025-12-07T22:20:25","date_gmt":"2025-12-07T22:20:25","guid":{"rendered":"https:\/\/todoherramientas.com.ar\/?post_type=product&#038;p=15520"},"modified":"2026-04-03T00:22:21","modified_gmt":"2026-04-03T00:22:21","slug":"satinol-4","status":"publish","type":"product","link":"https:\/\/todoherramientas.com.ar\/index.php\/producto\/satinol-4\/","title":{"rendered":"Satinol"},"content":{"rendered":"<p>Esmalte sint\u00e9tico satinado, es un producto para ser aplicado sobre metales ferrosos o maderas.<\/p>\n<p>Es de f\u00e1cil aplicaci\u00f3n, de alto poder cubritivo y brinda protecci\u00f3n por m\u00e1s tiempo.<\/p>\n<p>Excelente terminaci\u00f3n. Nivelaci\u00f3n superior y muy buena pintabilidad.<\/p>\n<p>Blanco y 8 colores listos para usar, entonables con Tonalba hasta 37,5 cm3\/litro.<\/p>\n","protected":false},"excerpt":{"rendered":"<p>Negro 4 LTS<\/p>\n","protected":false},"featured_media":13004,"template":"","meta":{"_joinchat":[]},"product_brand":[156],"product_cat":[133,129],"product_tag":[],"class_list":{"0":"post-15520","1":"product","2":"type-product","3":"status-publish","4":"has-post-thumbnail","6":"product_brand-alba","7":"product_cat-esmaltes","8":"product_cat-pinturas","10":"first","11":"instock","12":"taxable","13":"shipping-taxable","14":"purchasable","15":"product-type-simple"},"aioseo_notices":[],"_links":{"self":[{"href":"https:\/\/todoherramientas.com.ar\/index.php\/wp-json\/wp\/v2\/product\/15520","targetHints":{"allow":["GET"]}}],"collection":[{"href":"https:\/\/todoherramientas.com.ar\/index.php\/wp-json\/wp\/v2\/product"}],"about":[{"href":"https:\/\/todoherramientas.com.ar\/index.php\/wp-json\/wp\/v2\/types\/product"}],"version-history":[{"count":1,"href":"https:\/\/todoherramientas.com.ar\/index.php\/wp-json\/wp\/v2\/product\/15520\/revisions"}],"predecessor-version":[{"id":15521,"href":"https:\/\/todoherramientas.com.ar\/index.php\/wp-json\/wp\/v2\/product\/15520\/revisions\/15521"}],"wp:featuredmedia":[{"embeddable":true,"href":"https:\/\/todoherramientas.com.ar\/index.php\/wp-json\/wp\/v2\/media\/13004"}],"wp:attachment":[{"href":"https:\/\/todoherramientas.com.ar\/index.php\/wp-json\/wp\/v2\/media?parent=15520"}],"wp:term":[{"taxonomy":"product_brand","embeddable":true,"href":"https:\/\/todoherramientas.com.ar\/index.php\/wp-json\/wp\/v2\/product_brand?post=15520"},{"taxonomy":"product_cat","embeddable":true,"href":"https:\/\/todoherramientas.com.ar\/index.php\/wp-json\/wp\/v2\/product_cat?post=15520"},{"taxonomy":"product_tag","embeddable":true,"href":"https:\/\/todoherramientas.com.ar\/index.php\/wp-json\/wp\/v2\/product_tag?post=15520"}],"curies":[{"name":"wp","href":"https:\/\/api.w.org\/{rel}","templated":true}]}}