{"id":15609,"date":"2025-12-13T21:53:33","date_gmt":"2025-12-13T21:53:33","guid":{"rendered":"https:\/\/todoherramientas.com.ar\/?post_type=product&#038;p=15609"},"modified":"2026-04-03T00:22:20","modified_gmt":"2026-04-03T00:22:20","slug":"duralba-techos-transitable-6","status":"publish","type":"product","link":"https:\/\/todoherramientas.com.ar\/index.php\/producto\/duralba-techos-transitable-6\/","title":{"rendered":"Duralba Techos Transitable"},"content":{"rendered":"<p>Impermeabilizante elastom\u00e9rico de alta consistencia para terrazas y azoteas satinado.<\/p>\n<p>Al secar forma una membrana protectora de gran adherencia y m\u00e1xima elasticidad.<\/p>\n<p>Con incorporaci\u00f3n de fibras que le otorgan m\u00e1xima transitabilidad.<\/p>\n<p>\u00d3ptima impermeabilidad y resistencia a la intemperie. Excelente aislaci\u00f3n t\u00e9rmica. Sella fisuras. Antihongos. Antialgas.<\/p>\n","protected":false},"excerpt":{"rendered":"<p>Teja 4 KGS<\/p>\n","protected":false},"featured_media":15484,"template":"","meta":{"_joinchat":[]},"product_brand":[156],"product_cat":[131,129],"product_tag":[],"class_list":{"0":"post-15609","1":"product","2":"type-product","3":"status-publish","4":"has-post-thumbnail","6":"product_brand-alba","7":"product_cat-exterior","8":"product_cat-pinturas","10":"first","11":"instock","12":"taxable","13":"shipping-taxable","14":"purchasable","15":"product-type-simple"},"aioseo_notices":[],"_links":{"self":[{"href":"https:\/\/todoherramientas.com.ar\/index.php\/wp-json\/wp\/v2\/product\/15609","targetHints":{"allow":["GET"]}}],"collection":[{"href":"https:\/\/todoherramientas.com.ar\/index.php\/wp-json\/wp\/v2\/product"}],"about":[{"href":"https:\/\/todoherramientas.com.ar\/index.php\/wp-json\/wp\/v2\/types\/product"}],"version-history":[{"count":1,"href":"https:\/\/todoherramientas.com.ar\/index.php\/wp-json\/wp\/v2\/product\/15609\/revisions"}],"predecessor-version":[{"id":15610,"href":"https:\/\/todoherramientas.com.ar\/index.php\/wp-json\/wp\/v2\/product\/15609\/revisions\/15610"}],"wp:featuredmedia":[{"embeddable":true,"href":"https:\/\/todoherramientas.com.ar\/index.php\/wp-json\/wp\/v2\/media\/15484"}],"wp:attachment":[{"href":"https:\/\/todoherramientas.com.ar\/index.php\/wp-json\/wp\/v2\/media?parent=15609"}],"wp:term":[{"taxonomy":"product_brand","embeddable":true,"href":"https:\/\/todoherramientas.com.ar\/index.php\/wp-json\/wp\/v2\/product_brand?post=15609"},{"taxonomy":"product_cat","embeddable":true,"href":"https:\/\/todoherramientas.com.ar\/index.php\/wp-json\/wp\/v2\/product_cat?post=15609"},{"taxonomy":"product_tag","embeddable":true,"href":"https:\/\/todoherramientas.com.ar\/index.php\/wp-json\/wp\/v2\/product_tag?post=15609"}],"curies":[{"name":"wp","href":"https:\/\/api.w.org\/{rel}","templated":true}]}}