{"id":15611,"date":"2025-12-13T22:21:53","date_gmt":"2025-12-13T22:21:53","guid":{"rendered":"https:\/\/todoherramientas.com.ar\/?post_type=product&#038;p=15611"},"modified":"2026-04-04T16:00:45","modified_gmt":"2026-04-04T16:00:45","slug":"router-de-palma","status":"publish","type":"product","link":"https:\/\/todoherramientas.com.ar\/index.php\/producto\/router-de-palma\/","title":{"rendered":"Router de palma"},"content":{"rendered":"<p>Estructura reforzada que le otorga mayor vida \u00fatil a la herramienta.<\/p>\n<p>Posee un agarre ergon\u00f3mico que permite una mayor precisi\u00f3n en los trabajos.<\/p>\n<p>Ideal para procesamiento de madera, fabricaci\u00f3n de muebles y otras industrias.<\/p>\n<p>Tama\u00f1o del mandril: 6mm y 1\/4\u201d. Incluye: gu\u00eda de plantilla, juego de gu\u00eda de recorte y juego de gu\u00eda recta.<\/p>\n<p>&nbsp;<\/p>\n<p>&nbsp;<\/p>\n","protected":false},"excerpt":{"rendered":"<p>500 W<\/p>\n","protected":false},"featured_media":15613,"template":"","meta":{"_joinchat":[]},"product_brand":[154],"product_cat":[103],"product_tag":[],"class_list":{"0":"post-15611","1":"product","2":"type-product","3":"status-publish","4":"has-post-thumbnail","6":"product_brand-dyllu","7":"product_cat-herramientas-electricas","9":"first","10":"instock","11":"taxable","12":"shipping-taxable","13":"purchasable","14":"product-type-simple"},"aioseo_notices":[],"_links":{"self":[{"href":"https:\/\/todoherramientas.com.ar\/index.php\/wp-json\/wp\/v2\/product\/15611","targetHints":{"allow":["GET"]}}],"collection":[{"href":"https:\/\/todoherramientas.com.ar\/index.php\/wp-json\/wp\/v2\/product"}],"about":[{"href":"https:\/\/todoherramientas.com.ar\/index.php\/wp-json\/wp\/v2\/types\/product"}],"version-history":[{"count":6,"href":"https:\/\/todoherramientas.com.ar\/index.php\/wp-json\/wp\/v2\/product\/15611\/revisions"}],"predecessor-version":[{"id":15618,"href":"https:\/\/todoherramientas.com.ar\/index.php\/wp-json\/wp\/v2\/product\/15611\/revisions\/15618"}],"wp:featuredmedia":[{"embeddable":true,"href":"https:\/\/todoherramientas.com.ar\/index.php\/wp-json\/wp\/v2\/media\/15613"}],"wp:attachment":[{"href":"https:\/\/todoherramientas.com.ar\/index.php\/wp-json\/wp\/v2\/media?parent=15611"}],"wp:term":[{"taxonomy":"product_brand","embeddable":true,"href":"https:\/\/todoherramientas.com.ar\/index.php\/wp-json\/wp\/v2\/product_brand?post=15611"},{"taxonomy":"product_cat","embeddable":true,"href":"https:\/\/todoherramientas.com.ar\/index.php\/wp-json\/wp\/v2\/product_cat?post=15611"},{"taxonomy":"product_tag","embeddable":true,"href":"https:\/\/todoherramientas.com.ar\/index.php\/wp-json\/wp\/v2\/product_tag?post=15611"}],"curies":[{"name":"wp","href":"https:\/\/api.w.org\/{rel}","templated":true}]}}