{"id":15623,"date":"2026-01-06T21:28:28","date_gmt":"2026-01-06T21:28:28","guid":{"rendered":"https:\/\/todoherramientas.com.ar\/?post_type=product&#038;p=15623"},"modified":"2026-04-05T23:10:03","modified_gmt":"2026-04-05T23:10:03","slug":"cocina-portatil-ultraliviana","status":"publish","type":"product","link":"https:\/\/todoherramientas.com.ar\/index.php\/producto\/cocina-portatil-ultraliviana\/","title":{"rendered":"Cocina port\u00e1til ultraliviana"},"content":{"rendered":"<p>La cocina port\u00e1til proporciona un funcionamiento ultra-silencioso en un dise\u00f1o compacto.<\/p>\n<p>Es perfecto para cualquier uso al aire libre, como acampar, cazar, pescar.<\/p>\n<p>Utiliza combustibles de butano. Sistema de encendido electr\u00f3nico.<\/p>\n<p>Incluye pr\u00e1ctico estuche pl\u00e1stico de transporte.<\/p>\n<p>&nbsp;<\/p>\n<p>&nbsp;<\/p>\n<p>&nbsp;<\/p>\n","protected":false},"excerpt":{"rendered":"<p>Para gas butano<\/p>\n","protected":false},"featured_media":15621,"template":"","meta":{"_joinchat":[]},"product_brand":[152],"product_cat":[48],"product_tag":[],"class_list":{"0":"post-15623","1":"product","2":"type-product","3":"status-publish","4":"has-post-thumbnail","6":"product_brand-mota","7":"product_cat-herramientas-manuales","9":"first","10":"instock","11":"featured","12":"taxable","13":"shipping-taxable","14":"purchasable","15":"product-type-simple"},"aioseo_notices":[],"_links":{"self":[{"href":"https:\/\/todoherramientas.com.ar\/index.php\/wp-json\/wp\/v2\/product\/15623","targetHints":{"allow":["GET"]}}],"collection":[{"href":"https:\/\/todoherramientas.com.ar\/index.php\/wp-json\/wp\/v2\/product"}],"about":[{"href":"https:\/\/todoherramientas.com.ar\/index.php\/wp-json\/wp\/v2\/types\/product"}],"version-history":[{"count":1,"href":"https:\/\/todoherramientas.com.ar\/index.php\/wp-json\/wp\/v2\/product\/15623\/revisions"}],"predecessor-version":[{"id":15624,"href":"https:\/\/todoherramientas.com.ar\/index.php\/wp-json\/wp\/v2\/product\/15623\/revisions\/15624"}],"wp:featuredmedia":[{"embeddable":true,"href":"https:\/\/todoherramientas.com.ar\/index.php\/wp-json\/wp\/v2\/media\/15621"}],"wp:attachment":[{"href":"https:\/\/todoherramientas.com.ar\/index.php\/wp-json\/wp\/v2\/media?parent=15623"}],"wp:term":[{"taxonomy":"product_brand","embeddable":true,"href":"https:\/\/todoherramientas.com.ar\/index.php\/wp-json\/wp\/v2\/product_brand?post=15623"},{"taxonomy":"product_cat","embeddable":true,"href":"https:\/\/todoherramientas.com.ar\/index.php\/wp-json\/wp\/v2\/product_cat?post=15623"},{"taxonomy":"product_tag","embeddable":true,"href":"https:\/\/todoherramientas.com.ar\/index.php\/wp-json\/wp\/v2\/product_tag?post=15623"}],"curies":[{"name":"wp","href":"https:\/\/api.w.org\/{rel}","templated":true}]}}