{"id":15698,"date":"2026-01-19T14:52:09","date_gmt":"2026-01-19T14:52:09","guid":{"rendered":"https:\/\/todoherramientas.com.ar\/?post_type=product&#038;p=15698"},"modified":"2026-04-05T23:35:46","modified_gmt":"2026-04-05T23:35:46","slug":"constructor-interior-exterior-18","status":"publish","type":"product","link":"https:\/\/todoherramientas.com.ar\/index.php\/producto\/constructor-interior-exterior-18\/","title":{"rendered":"Constructor interior\/exterior"},"content":{"rendered":"<p>L\u00e1tex de acabado mate para interiores, exteriores y medianeras.<\/p>\n<p>De gran poder cubritivo. M\u00e1s resistente y antihongo.<\/p>\n<p>De aplicaci\u00f3n f\u00e1cil y r\u00e1pido secado. No deja olor.<\/p>\n<p>Amplia gama de colores y variedad de tonos obtenidos por te\u00f1ido con Tonalba entonador universal, hasta un m\u00e1ximo de 37,5 cm3\/litro.<\/p>\n","protected":false},"excerpt":{"rendered":"<p>Violeta Cuyo 1 LT<\/p>\n","protected":false},"featured_media":12997,"template":"","meta":{"_joinchat":[]},"product_brand":[156],"product_cat":[131,129],"product_tag":[],"class_list":{"0":"post-15698","1":"product","2":"type-product","3":"status-publish","4":"has-post-thumbnail","6":"product_brand-alba","7":"product_cat-exterior","8":"product_cat-pinturas","10":"first","11":"instock","12":"featured","13":"taxable","14":"shipping-taxable","15":"purchasable","16":"product-type-simple"},"aioseo_notices":[],"_links":{"self":[{"href":"https:\/\/todoherramientas.com.ar\/index.php\/wp-json\/wp\/v2\/product\/15698","targetHints":{"allow":["GET"]}}],"collection":[{"href":"https:\/\/todoherramientas.com.ar\/index.php\/wp-json\/wp\/v2\/product"}],"about":[{"href":"https:\/\/todoherramientas.com.ar\/index.php\/wp-json\/wp\/v2\/types\/product"}],"version-history":[{"count":1,"href":"https:\/\/todoherramientas.com.ar\/index.php\/wp-json\/wp\/v2\/product\/15698\/revisions"}],"predecessor-version":[{"id":15699,"href":"https:\/\/todoherramientas.com.ar\/index.php\/wp-json\/wp\/v2\/product\/15698\/revisions\/15699"}],"wp:featuredmedia":[{"embeddable":true,"href":"https:\/\/todoherramientas.com.ar\/index.php\/wp-json\/wp\/v2\/media\/12997"}],"wp:attachment":[{"href":"https:\/\/todoherramientas.com.ar\/index.php\/wp-json\/wp\/v2\/media?parent=15698"}],"wp:term":[{"taxonomy":"product_brand","embeddable":true,"href":"https:\/\/todoherramientas.com.ar\/index.php\/wp-json\/wp\/v2\/product_brand?post=15698"},{"taxonomy":"product_cat","embeddable":true,"href":"https:\/\/todoherramientas.com.ar\/index.php\/wp-json\/wp\/v2\/product_cat?post=15698"},{"taxonomy":"product_tag","embeddable":true,"href":"https:\/\/todoherramientas.com.ar\/index.php\/wp-json\/wp\/v2\/product_tag?post=15698"}],"curies":[{"name":"wp","href":"https:\/\/api.w.org\/{rel}","templated":true}]}}