{"id":15765,"date":"2026-03-04T13:27:56","date_gmt":"2026-03-04T13:27:56","guid":{"rendered":"https:\/\/todoherramientas.com.ar\/?post_type=product&#038;p=15765"},"modified":"2026-04-05T23:37:34","modified_gmt":"2026-04-05T23:37:34","slug":"limpia-contactos-2","status":"publish","type":"product","link":"https:\/\/todoherramientas.com.ar\/index.php\/producto\/limpia-contactos-2\/","title":{"rendered":"Limpia Contactos"},"content":{"rendered":"<p>Ideal para equipos electr\u00f3nicos, circuitos el\u00e9ctricos, potenci\u00f3metros y todo tipo de contactos.<\/p>\n<p>Incluye c\u00e1nula de aplicaci\u00f3n. Diel\u00e9ctrico, no conduce la electricidad.<\/p>\n<p>Alta presi\u00f3n de penetrado. Gran poder limpiador, evapora r\u00e1pidamente.<\/p>\n<p>No deja residuos. No corrosivo, no mancha. F\u00e1cil aplicaci\u00f3n.<\/p>\n","protected":false},"excerpt":{"rendered":"<p>250 GRS \/ 450 ML<\/p>\n","protected":false},"featured_media":9437,"template":"","meta":{"_joinchat":[]},"product_brand":[152],"product_cat":[106,105],"product_tag":[],"class_list":{"0":"post-15765","1":"product","2":"type-product","3":"status-publish","4":"has-post-thumbnail","6":"product_brand-mota","7":"product_cat-aerosoles-lubrimota-artmota-limpiacontactos","8":"product_cat-insumos-herramientas","10":"first","11":"instock","12":"taxable","13":"shipping-taxable","14":"purchasable","15":"product-type-simple"},"aioseo_notices":[],"_links":{"self":[{"href":"https:\/\/todoherramientas.com.ar\/index.php\/wp-json\/wp\/v2\/product\/15765","targetHints":{"allow":["GET"]}}],"collection":[{"href":"https:\/\/todoherramientas.com.ar\/index.php\/wp-json\/wp\/v2\/product"}],"about":[{"href":"https:\/\/todoherramientas.com.ar\/index.php\/wp-json\/wp\/v2\/types\/product"}],"version-history":[{"count":3,"href":"https:\/\/todoherramientas.com.ar\/index.php\/wp-json\/wp\/v2\/product\/15765\/revisions"}],"predecessor-version":[{"id":15768,"href":"https:\/\/todoherramientas.com.ar\/index.php\/wp-json\/wp\/v2\/product\/15765\/revisions\/15768"}],"wp:featuredmedia":[{"embeddable":true,"href":"https:\/\/todoherramientas.com.ar\/index.php\/wp-json\/wp\/v2\/media\/9437"}],"wp:attachment":[{"href":"https:\/\/todoherramientas.com.ar\/index.php\/wp-json\/wp\/v2\/media?parent=15765"}],"wp:term":[{"taxonomy":"product_brand","embeddable":true,"href":"https:\/\/todoherramientas.com.ar\/index.php\/wp-json\/wp\/v2\/product_brand?post=15765"},{"taxonomy":"product_cat","embeddable":true,"href":"https:\/\/todoherramientas.com.ar\/index.php\/wp-json\/wp\/v2\/product_cat?post=15765"},{"taxonomy":"product_tag","embeddable":true,"href":"https:\/\/todoherramientas.com.ar\/index.php\/wp-json\/wp\/v2\/product_tag?post=15765"}],"curies":[{"name":"wp","href":"https:\/\/api.w.org\/{rel}","templated":true}]}}