{"id":15807,"date":"2026-03-26T01:25:38","date_gmt":"2026-03-26T01:25:38","guid":{"rendered":"https:\/\/todoherramientas.com.ar\/?post_type=product&#038;p=15807"},"modified":"2026-04-05T23:20:09","modified_gmt":"2026-04-05T23:20:09","slug":"compresor-portatil","status":"publish","type":"product","link":"https:\/\/todoherramientas.com.ar\/index.php\/producto\/compresor-portatil\/","title":{"rendered":"Compresor port\u00e1til"},"content":{"rendered":"<p>M\u00e1xima presi\u00f3n: 150 psi\/10,3 bar\/1030 kPa<\/p>\n<p>M\u00e1ximo flujo de aire: 6L\/min<\/p>\n<p>Pantalla LCD de alta visibilidad e interfaz intuitiva. Funci\u00f3n de corte autom\u00e1tico.<\/p>\n<p>Incluye bolso transportable, manguera de alta presi\u00f3n, cable de carga USB tipo C y 3 picos.<\/p>\n<p>&nbsp;<\/p>\n","protected":false},"excerpt":{"rendered":"<p>8 V \/ 150 PSI<\/p>\n","protected":false},"featured_media":15806,"template":"","meta":{"_joinchat":[]},"product_brand":[154],"product_cat":[160,103,109],"product_tag":[],"class_list":{"0":"post-15807","1":"product","2":"type-product","3":"status-publish","4":"has-post-thumbnail","6":"product_brand-dyllu","7":"product_cat-a-bateria","8":"product_cat-herramientas-electricas","9":"product_cat-oferta","11":"first","12":"instock","13":"taxable","14":"shipping-taxable","15":"purchasable","16":"product-type-simple"},"aioseo_notices":[],"_links":{"self":[{"href":"https:\/\/todoherramientas.com.ar\/index.php\/wp-json\/wp\/v2\/product\/15807","targetHints":{"allow":["GET"]}}],"collection":[{"href":"https:\/\/todoherramientas.com.ar\/index.php\/wp-json\/wp\/v2\/product"}],"about":[{"href":"https:\/\/todoherramientas.com.ar\/index.php\/wp-json\/wp\/v2\/types\/product"}],"version-history":[{"count":2,"href":"https:\/\/todoherramientas.com.ar\/index.php\/wp-json\/wp\/v2\/product\/15807\/revisions"}],"predecessor-version":[{"id":15809,"href":"https:\/\/todoherramientas.com.ar\/index.php\/wp-json\/wp\/v2\/product\/15807\/revisions\/15809"}],"wp:featuredmedia":[{"embeddable":true,"href":"https:\/\/todoherramientas.com.ar\/index.php\/wp-json\/wp\/v2\/media\/15806"}],"wp:attachment":[{"href":"https:\/\/todoherramientas.com.ar\/index.php\/wp-json\/wp\/v2\/media?parent=15807"}],"wp:term":[{"taxonomy":"product_brand","embeddable":true,"href":"https:\/\/todoherramientas.com.ar\/index.php\/wp-json\/wp\/v2\/product_brand?post=15807"},{"taxonomy":"product_cat","embeddable":true,"href":"https:\/\/todoherramientas.com.ar\/index.php\/wp-json\/wp\/v2\/product_cat?post=15807"},{"taxonomy":"product_tag","embeddable":true,"href":"https:\/\/todoherramientas.com.ar\/index.php\/wp-json\/wp\/v2\/product_tag?post=15807"}],"curies":[{"name":"wp","href":"https:\/\/api.w.org\/{rel}","templated":true}]}}